{"id":26,"date":"2012-07-25T17:35:31","date_gmt":"2012-07-25T14:35:31","guid":{"rendered":"http:\/\/www.ccidj.ro\/site\/?page_id=26"},"modified":"2024-09-13T12:44:39","modified_gmt":"2024-09-13T09:44:39","slug":"despre-noi","status":"publish","type":"page","link":"http:\/\/www.ccidj.ro\/site\/despre-noi\/","title":{"rendered":"Despre noi"},"content":{"rendered":"<p>Camera de Comer\u0163 \u015fi Industrie Dolj este cea mai puternic\u0103 asocia\u0163ie a mediului de afaceri din jude\u0163.\u00a0Camera ac\u0163ioneaz\u0103 pentru crearea unui mediu de afaceri stabil, coerent \u015fi propice dezvolt\u0103rii sectorului privat, unei economii de pia\u0163\u0103 reale, durabile \u015fi deschise spre exterior. Ca reprezentant al mediului de afaceri, CCI include \u00een oferta sa de servicii programe de perfec\u0163ionare profesional\u0103, organizarea de evenimente t\u00e2rguri \u015fi expozi\u0163ii, seminarii \u015fi dezbateri, administrarea de baze de date cu oportunit\u0103\u0163i de afaceri.<\/p>\n<p>CCI Dolj este organizata si functioneaza in temeiul Legii camerelor de comert din Romania nr. 335\/2007, publicata in Monitorul Oficial nr. 836 din 6 decembrie 2007, a dispozitiilor Statutului &#8211; Cadru al camerelor judetene adoptat de Adunarea Generala a membrilor Camerei de Comert si Industrie a Romaniei din data de 27.12.2007 si a Statutului propriu.<\/p>\n<p><strong>[heading_3 type=&#8221;simple&#8221;]<strong>Structura organizatorica<\/strong>[\/heading_3]<\/strong><\/p>\n<p>Organele de conducere a activitatii Camerei de Comert si Industrie a judetului Dolj sunt:<\/p>\n<ul>\n<li><strong>Adunarea generala<\/strong><\/li>\n<li><strong>Organele de conducere alese:<\/strong> colegiul de conducere si presedintele<\/li>\n<li><strong>Organele de conducere executive:<\/strong> consiliul director, condus de directorul general<\/li>\n<\/ul>\n<p><strong>Adunarea Generala a Reprezentantilor este organul suprem de conducere al Camerei si se compune din totalitatea membrilor. Aceasta are in componenta:<\/strong><\/p>\n<ul>\n<li><strong>Membri individuali<\/strong> (operatori economici, persoane fizice sau juridice, inregistrati la registrul comertului, indiferent de domeniul de activitate;\u00a0sucursale, reprezentante ale unor societati comerciale si altele asemenea, fara personalitate juridica, inregistrate la Registrul comertului)<\/li>\n<li><strong>Membri colectivi<\/strong> (filiale ale camerelor de comert bilaterale,\u00a0asociatii profesionale,\u00a0organizatii patronale)<\/li>\n<li><strong>Membri onorifici<\/strong> (cadre didactice;\u00a0oameni de stiinta, specialisti in economie si legislatie comerciala;\u00a0personalitati ale vietii publice)<\/li>\n<\/ul>\n<p>&nbsp;<\/p>\n","protected":false},"excerpt":{"rendered":"<p>Camera de Comer\u0163 \u015fi Industrie Dolj este cea mai puternic\u0103 asocia\u0163ie a mediului de afaceri din jude\u0163.\u00a0Camera ac\u0163ioneaz\u0103 pentru crearea unui mediu de afaceri stabil, coerent \u015fi propice dezvolt\u0103rii sectorului privat, unei economii de pia\u0163\u0103 reale, durabile \u015fi deschise spre exterior. Ca reprezentant al mediului de afaceri, CCI include \u00een oferta sa de servicii programe [&hellip;]<\/p>\n","protected":false},"author":1,"featured_media":0,"parent":0,"menu_order":0,"comment_status":"closed","ping_status":"closed","template":"","meta":{"ngg_post_thumbnail":0,"footnotes":""},"yoast_head":"<!-- This site is optimized with the Yoast SEO plugin v21.9 - https:\/\/yoast.com\/wordpress\/plugins\/seo\/ -->\n<title>Despre noi -<\/title>\n<meta name=\"robots\" content=\"index, follow, max-snippet:-1, max-image-preview:large, max-video-preview:-1\" \/>\n<link rel=\"canonical\" href=\"https:\/\/www.ccidj.ro\/site\/despre-noi\/\" \/>\n<meta property=\"og:locale\" content=\"ro_RO\" \/>\n<meta property=\"og:type\" content=\"article\" \/>\n<meta property=\"og:title\" content=\"Despre noi -\" \/>\n<meta property=\"og:description\" content=\"Camera de Comer\u0163 \u015fi Industrie Dolj este cea mai puternic\u0103 asocia\u0163ie a mediului de afaceri din jude\u0163.\u00a0Camera ac\u0163ioneaz\u0103 pentru crearea unui mediu de afaceri stabil, coerent \u015fi propice dezvolt\u0103rii sectorului privat, unei economii de pia\u0163\u0103 reale, durabile \u015fi deschise spre exterior. Ca reprezentant al mediului de afaceri, CCI include \u00een oferta sa de servicii programe [&hellip;]\" \/>\n<meta property=\"og:url\" content=\"https:\/\/www.ccidj.ro\/site\/despre-noi\/\" \/>\n<meta property=\"article:modified_time\" content=\"2024-09-13T09:44:39+00:00\" \/>\n<meta name=\"twitter:label1\" content=\"Timp estimat pentru citire\" \/>\n\t<meta name=\"twitter:data1\" content=\"2 minute\" \/>\n<script type=\"application\/ld+json\" class=\"yoast-schema-graph\">{\"@context\":\"https:\/\/schema.org\",\"@graph\":[{\"@type\":\"WebPage\",\"@id\":\"https:\/\/www.ccidj.ro\/site\/despre-noi\/\",\"url\":\"https:\/\/www.ccidj.ro\/site\/despre-noi\/\",\"name\":\"Despre noi -\",\"isPartOf\":{\"@id\":\"http:\/\/www.ccidj.ro\/site\/#website\"},\"datePublished\":\"2012-07-25T14:35:31+00:00\",\"dateModified\":\"2024-09-13T09:44:39+00:00\",\"breadcrumb\":{\"@id\":\"https:\/\/www.ccidj.ro\/site\/despre-noi\/#breadcrumb\"},\"inLanguage\":\"ro-RO\",\"potentialAction\":[{\"@type\":\"ReadAction\",\"target\":[\"https:\/\/www.ccidj.ro\/site\/despre-noi\/\"]}]},{\"@type\":\"BreadcrumbList\",\"@id\":\"https:\/\/www.ccidj.ro\/site\/despre-noi\/#breadcrumb\",\"itemListElement\":[{\"@type\":\"ListItem\",\"position\":1,\"name\":\"Home\",\"item\":\"http:\/\/www.ccidj.ro\/site\/\"},{\"@type\":\"ListItem\",\"position\":2,\"name\":\"Despre noi\"}]},{\"@type\":\"WebSite\",\"@id\":\"http:\/\/www.ccidj.ro\/site\/#website\",\"url\":\"http:\/\/www.ccidj.ro\/site\/\",\"name\":\"\",\"description\":\"\",\"potentialAction\":[{\"@type\":\"SearchAction\",\"target\":{\"@type\":\"EntryPoint\",\"urlTemplate\":\"http:\/\/www.ccidj.ro\/site\/?s={search_term_string}\"},\"query-input\":\"required name=search_term_string\"}],\"inLanguage\":\"ro-RO\"}]}<\/script>\n<!-- \/ Yoast SEO plugin. -->","yoast_head_json":{"title":"Despre noi -","robots":{"index":"index","follow":"follow","max-snippet":"max-snippet:-1","max-image-preview":"max-image-preview:large","max-video-preview":"max-video-preview:-1"},"canonical":"https:\/\/www.ccidj.ro\/site\/despre-noi\/","og_locale":"ro_RO","og_type":"article","og_title":"Despre noi -","og_description":"Camera de Comer\u0163 \u015fi Industrie Dolj este cea mai puternic\u0103 asocia\u0163ie a mediului de afaceri din jude\u0163.\u00a0Camera ac\u0163ioneaz\u0103 pentru crearea unui mediu de afaceri stabil, coerent \u015fi propice dezvolt\u0103rii sectorului privat, unei economii de pia\u0163\u0103 reale, durabile \u015fi deschise spre exterior. Ca reprezentant al mediului de afaceri, CCI include \u00een oferta sa de servicii programe [&hellip;]","og_url":"https:\/\/www.ccidj.ro\/site\/despre-noi\/","article_modified_time":"2024-09-13T09:44:39+00:00","twitter_misc":{"Timp estimat pentru citire":"2 minute"},"schema":{"@context":"https:\/\/schema.org","@graph":[{"@type":"WebPage","@id":"https:\/\/www.ccidj.ro\/site\/despre-noi\/","url":"https:\/\/www.ccidj.ro\/site\/despre-noi\/","name":"Despre noi -","isPartOf":{"@id":"http:\/\/www.ccidj.ro\/site\/#website"},"datePublished":"2012-07-25T14:35:31+00:00","dateModified":"2024-09-13T09:44:39+00:00","breadcrumb":{"@id":"https:\/\/www.ccidj.ro\/site\/despre-noi\/#breadcrumb"},"inLanguage":"ro-RO","potentialAction":[{"@type":"ReadAction","target":["https:\/\/www.ccidj.ro\/site\/despre-noi\/"]}]},{"@type":"BreadcrumbList","@id":"https:\/\/www.ccidj.ro\/site\/despre-noi\/#breadcrumb","itemListElement":[{"@type":"ListItem","position":1,"name":"Home","item":"http:\/\/www.ccidj.ro\/site\/"},{"@type":"ListItem","position":2,"name":"Despre noi"}]},{"@type":"WebSite","@id":"http:\/\/www.ccidj.ro\/site\/#website","url":"http:\/\/www.ccidj.ro\/site\/","name":"","description":"","potentialAction":[{"@type":"SearchAction","target":{"@type":"EntryPoint","urlTemplate":"http:\/\/www.ccidj.ro\/site\/?s={search_term_string}"},"query-input":"required name=search_term_string"}],"inLanguage":"ro-RO"}]}},"_links":{"self":[{"href":"http:\/\/www.ccidj.ro\/site\/wp-json\/wp\/v2\/pages\/26"}],"collection":[{"href":"http:\/\/www.ccidj.ro\/site\/wp-json\/wp\/v2\/pages"}],"about":[{"href":"http:\/\/www.ccidj.ro\/site\/wp-json\/wp\/v2\/types\/page"}],"author":[{"embeddable":true,"href":"http:\/\/www.ccidj.ro\/site\/wp-json\/wp\/v2\/users\/1"}],"replies":[{"embeddable":true,"href":"http:\/\/www.ccidj.ro\/site\/wp-json\/wp\/v2\/comments?post=26"}],"version-history":[{"count":1,"href":"http:\/\/www.ccidj.ro\/site\/wp-json\/wp\/v2\/pages\/26\/revisions"}],"predecessor-version":[{"id":6071,"href":"http:\/\/www.ccidj.ro\/site\/wp-json\/wp\/v2\/pages\/26\/revisions\/6071"}],"wp:attachment":[{"href":"http:\/\/www.ccidj.ro\/site\/wp-json\/wp\/v2\/media?parent=26"}],"curies":[{"name":"wp","href":"https:\/\/api.w.org\/{rel}","templated":true}]}}