{"id":2834,"date":"2017-11-21T10:04:31","date_gmt":"2017-11-21T08:04:31","guid":{"rendered":"http:\/\/www.ccidj.ro\/site\/?page_id=2834"},"modified":"2017-11-22T11:25:26","modified_gmt":"2017-11-22T09:25:26","slug":"metodologie","status":"publish","type":"page","link":"http:\/\/www.ccidj.ro\/site\/top-2017\/metodologie\/","title":{"rendered":"Metodologie"},"content":{"rendered":"<p>Metodologia de realizare a Topurilor de Firme organizate de<br \/>\nCamerele de Comer\u0163 \u015fi Industrie din Rom\u00e2nia<br \/>\nEdi\u0163ia a XXIV-a<br \/>\n1. Topurile jude\u0163ene de firme<br \/>\nTopurile firmelor din jude\u0163e \u015fi Municipiul Bucure\u015fti, numite \u00een continuare topurile<br \/>\njude\u0163ene de firme, sunt organizate de Camerele de Comer\u0163 \u015fi Industrie Jude\u0163ene \u00een conformitate<br \/>\ncu prevederile art. 4 lit. m din Legea nr. 335\/2007 a Camerelor de Comer\u0163 \u015fi Industrie din<br \/>\nRom\u00e2nia, modificat\u0103 \u0219i completat\u0103.<br \/>\nTopurile jude\u0163ene de firme se ob\u0163in din clasamentele jude\u0163ene de firme, determinate de<br \/>\nc\u0103tre Camerele de Comer\u0163 \u015fi Industrie Jude\u0163ene, pe baza prezentei metodologii.<br \/>\n1.1. Sursele de informa\u0163ii<br \/>\nSursele de informa\u0163ii utilizate sunt:<br \/>\n\uf0a7 Informa\u0163ii din situa\u0163iile financiare ale societ\u0103\u0163ilor pentru anul anterior, conforme cu<br \/>\nDirectivele Europene, furnizate de Ministerul Finan\u0163elor Publice;<br \/>\n\uf0a7 Informa\u0163ii despre firmele legal \u00eenregistrate \u00een Rom\u00e2nia, furnizate de Oficiul Na\u0163ional<br \/>\nal Registrului Comer\u0163ului;<br \/>\n\uf0a7 Informa\u0163ii despre firme, rezultate din activitatea camerelor jude\u0163ene1<br \/>\n;<br \/>\n1.2. Condi\u0163iile de admitere a firmelor \u00een clasamente<br \/>\nSunt admise \u00een topurile jude\u0163ene de firme entit\u0103\u0163ile care sunt comercian\u0163i conform legii \u015fi<br \/>\n\u00eendeplinesc simultan urm\u0103toarele condi\u0163ii, cu privire la datele de bilan\u0163 depus pentru anul<br \/>\nanterior:<br \/>\n\uf0a7 Profit din exploatare pozitiv;<br \/>\n\uf0a7 Cifr\u0103 de afaceri de minim 100 000 lei \u00een cazul micro\u00eentreprinderilor \u015fi minim 250 000<br \/>\nlei \u00een cazul celorlalte entit\u0103\u021bi.<\/p>\n<p>1 Camerele de Comer\u0163 \u0219i Industrie Jude\u0163ene pot proceda la verificarea informa\u0163iilor din situa\u0163iile financiare ale<br \/>\nfirmelor din top \u0219i din alte surse precum \u0219i din vizite la firme, pentru a evita eventuale erori care ar putea apare la<br \/>\nclasificarea firmelor. In situa\u0163ia \u00een care vor fi constatate neconcordan\u0163e (\u00eentre datele \u00eenregistrate \u00een aplica\u0163ia de Top<br \/>\n\u0219i situa\u0163ia real\u0103), acestea vor fi corectate pe baza unui document justificativ ce eman\u0103 de la o institu\u0163ie \/ persoan\u0103 \/<br \/>\norgan competent (proces verbal al comisiei de validare a clasamentului jude\u0163ean semnat de to\u0163i membrii comisiei;<br \/>\ndeclara\u0163ie reprezentant legal; certificate emis, dup\u0103 caz, de auditor, cenzor sau ANAF, etc)<br \/>\nMetodologia de realizare a topurilor de firme<br \/>\nPagina 2 din 5<br \/>\nNu sunt admise:<br \/>\n\uf0a7 Grupurile de interes economic (GIE);<br \/>\n\uf0a7 Firmele ale c\u0103ror cuantum format din suma datoriilor \u00een leg\u0103tur\u0103 cu bugetul<br \/>\nasigur\u0103rilor sociale \u0219i bugetul statului \u0219i impozitele \u0219i taxele nepl\u0103tite la termenul<br \/>\nstabilit la bugetele locale dep\u0103\u0219e\u0219te cuantumul crean\u021belor \u00een leg\u0103tur\u0103 cu bugetul<br \/>\nasigur\u0103rilor sociale \u0219i bugetul statului;<br \/>\n\uf0a7 Firmele pentru care valoarea a cel pu\u0163in unui indicator calculat este negativ\u0103;<br \/>\n\uf0a7 Firmele care la data realiz\u0103rii clasamentului se afl\u0103 \u00een stare de radiere, faliment,<br \/>\nlichidare, dizolvare, \u00eentrerupere temporar\u0103 de activitate, insolven\u0163\u0103.<br \/>\nElementele financiare utilizate \u00een vederea stabilirii accederii \u00een clasamente sunt<br \/>\nprezentate \u00een Anexa 2. Pentru realizarea clasamentelor Topul Firmelor se prelucreaz\u0103 numai<br \/>\nbilan\u0163urile depuse \u00een termenul legal la Ministerul Finan\u0163elor Publice2<br \/>\n.<br \/>\n1.3. Structura clasamentelor pe domenii, grupe de activitate \u015fi clase de m\u0103rime a<br \/>\n\u00eentreprinderii<br \/>\nTopurile jude\u0163ene de firme sunt structurate pe \u0219apte domenii de activitate:<br \/>\n\uf0a7 Cercetare &#8211; Dezvoltare \u015fi High &#8211; Tech;<br \/>\n\uf0a7 Industrie;<br \/>\n\uf0a7 Agricultur\u0103, Silvicultur\u0103, Pescuit;<br \/>\n\uf0a7 Construc\u0163ii;<br \/>\n\uf0a7 Servicii;<br \/>\n\uf0a7 Comer\u0163<br \/>\n\uf0a7 Turism<br \/>\nDomeniile sunt \u00eemp\u0103r\u0163ite pe grupe de activitate conform codului CAEN rev. 2, publicat \u00een<br \/>\nMonitorul Oficial nr. 293\/2007 \u0219i al obiectului de activitate preponderent efectiv desf\u0103\u0219urat<br \/>\ndeclarat pe propria r\u0103spundere \u00een situa\u0163iile financiare pentru anul anterior. Coresponden\u0163a dintre<br \/>\ndomenii \u015fi grupele de activitate este descris\u0103 \u00een Anexa 1.<br \/>\nClasificarea \u00eentreprinderilor pe clase de m\u0103rime se realizeaz\u0103 \u00een conformitate cu<br \/>\nprevederile Legii nr. 346\/2004 privind stimularea \u00eenfiin\u0163\u0103rii \u015fi dezvolt\u0103rii \u00eentreprinderilor mici \u015fi<br \/>\nmijlocii, cu complet\u0103rile \u015fi modific\u0103rile ulterioare, care stabile\u015fte criteriile de \u00eencadrare a<br \/>\nfirmelor, dup\u0103 cum urmeaz\u0103:<\/p>\n<p>2 data limit\u0103 de preluare \u00een cadrul aplica\u0163iei a ultimei variante a bazelor de date furnizate de Ministerul<br \/>\nFinan\u0163elor Publice este 31 iulie 2017.<br \/>\nMetodologia de realizare a topurilor de firme<br \/>\nPagina 3 din 5<br \/>\nClasa de m\u0103rime Criterii de \u00eencadrare<br \/>\nMicro\u00eentreprinderi Au p\u00e2n\u0103 la 9 salaria\u0163i \u015fi realizeaz\u0103 o cifr\u0103 de afaceri anual\u0103<br \/>\nnet\u0103 sau de\u0163in active totale3<br \/>\nde p\u00e2n\u0103 la 2 milioane euro,<br \/>\nechivalent \u00een lei<br \/>\n\u00centreprinderi mici Au \u00eentre 10 \u015fi 49 de salaria\u0163i \u015fi realizeaz\u0103 o cifr\u0103 de afaceri<br \/>\nanual\u0103 net\u0103 sau de\u0163in active totale de p\u00e2n\u0103 la 10 milioane euro,<br \/>\nechivalent \u00een lei<br \/>\n\u00centreprinderi mijlocii Au \u00eentre 50 \u015fi 249 de salaria\u0163i \u015fi realizeaz\u0103 o cifr\u0103 de afaceri<br \/>\nanual\u0103 net\u0103 de p\u00e2n\u0103 la 50 milioane euro, echivalent \u00een lei, sau<br \/>\nde\u0163in active totale care nu dep\u0103\u015fesc echivalentul \u00een lei a 43<br \/>\nmilioane euro4<br \/>\n\u00centreprinderi mari Au \u00eentre 250 \u015fi 999 de salaria\u0163i<br \/>\n\u00centreprinderi foarte mari Au peste 1000 de salaria\u0163i<br \/>\nPentru firmele care au maxim 249 de salaria\u0163i, dep\u0103\u015firea unuia dintre criteriile de<br \/>\n\u00eencadrare determin\u0103 trecerea firmei \u00een clasa urm\u0103toare de m\u0103rime.<br \/>\n1.4. Indicatorii utiliza\u0163i<br \/>\nIndicatorii utiliza\u0163i pentru clasificarea firmelor sunt:<br \/>\n\uf0a7 Cifra de afaceri net\u0103 (I1);<br \/>\n\uf0a7 Profitul din exploatare (I2);<br \/>\n\uf0a7 Rata profitului din exploatare (I3);<br \/>\n\uf0a7 Eficien\u0163a utiliz\u0103rii resurselor umane (I4);<br \/>\n\uf0a7 Eficien\u0163a utiliz\u0103rii capitalului angajat (I5).<br \/>\nIndicatorii sunt determina\u021bi astfel:<br \/>\n\uf0a7 I1 = Cifra de afaceri net\u0103;<br \/>\n\uf0a7 I2 = Profitul din exploatare;<\/p>\n<p>3 Total active = Total active imobilizate + Total active circulante + Cheltuieli \u00een avans<br \/>\n4 Banca Na\u021bional\u0103 a comunicat cursurile pie\u021bei valutare din data de 31.12.2016, \u00een vederea \u00eentocmirii situa\u021biilor<br \/>\nfinanciare ale anului 2016 de c\u0103tre toate entit\u0103\u021bile prev\u0103zute de Legea contabilit\u0103\u021bii nr. 82\/1991, republicat\u0103.<br \/>\nCursul valutar stabilit pentru euro la data de 31.12.2016: 1 Euro = 4.5411<br \/>\nMetodologia de realizare a topurilor de firme<br \/>\nPagina 4 din 5<br \/>\n\uf0a7 I3 = Profit din exploatare \/ Cifra afaceri ;<br \/>\n\uf0a7 I4 = Valoarea ad\u0103ugat\u01035<br \/>\n\/ Num\u0103r mediu de salaria\u0163i;<br \/>\n\uf0a7 I5 = (Profitul brut + Cheltuieli privind dob\u00e2nzile) \/ Capital angajat6<br \/>\n.<br \/>\nElementele financiare pe baza c\u0103rora se calculeaz\u0103 indicatorii utiliza\u021bi sunt prezentate \u00een<br \/>\nAnexa 2.<br \/>\nPentru fiecare indicator \u015fi domeniu de activitate este stabilit\u0103 o pondere \u00een cadrul<br \/>\npunctajului total (P1, P2, P3, P4, P5). Ponderile indicatorilor sunt prezentate \u00een Anexa 3.<br \/>\n1.5. Punctajul<br \/>\nPunctajul fiec\u0103rei firme din top se ob\u0163ine \u00een modul urm\u0103tor:<br \/>\n\uf0a7 Se determin\u0103 indicatorii (I1, I2, I3, I4, I5) dup\u0103 formulele definite la punctul 1.4.;<br \/>\n\uf0a7 Se determin\u0103 mediile na\u021bionale ale indicatorilor (M1, M2, M3, M4, M5) prin<br \/>\ncalcularea, pentru fiecare grup\u0103 de activitate \u015fi clas\u0103 de m\u0103rime a \u00eentreprinderii, a<br \/>\nmediei aritmetice a acelui indicator, aplicat\u0103 pentru firmele care \u00eendeplinesc, la nivel<br \/>\nna\u0163ional, condi\u0163iile de admitere la top;<br \/>\n\uf0a7 Fiecare indicator este normalizat prin \u00eemp\u0103r\u0163irea la media sa na\u0163ional\u0103: I1 = I1 \/ M1, I2<br \/>\n= I2 \/ M2, I3 = I3 \/ M3, I4 = I4 \/ M4, I5 = I5 \/ M5;<br \/>\n\uf0a7 Punctajul total (PT) se calculeaz\u0103 ca suma produselor dintre indicatori \u015fi ponderea<br \/>\naferent\u0103 fiec\u0103rui indicator: PT = (I1 * P1) + (I2 * P2) + (I3 * P3) + (I4 * P4) + (I5 *<br \/>\nP5).<br \/>\nFirmele membre ale camerei jude\u0163ene, care au achitat cotiza\u0163ia la zi, primesc o bonifica\u0163ie<br \/>\nde 10% din punctajul total.<br \/>\nClasamentul jude\u0163ean de firme con\u0163ine c\u00e2te maxim 10 firme pentru fiecare domeniu,<br \/>\ngrup\u0103 de activitate \u015fi clas\u0103 de m\u0103rime a \u00eentreprinderii, determinate prin ordonarea descresc\u0103toare<br \/>\na punctajului total.<br \/>\n1.6. Validarea clasamentului<br \/>\nClasamentul jude\u0163ean de firme este analizat \u015fi validat de o comisie a topului de firme,<br \/>\nnumit\u0103 de c\u0103tre conducerea Camerei, la nivelul fiec\u0103rui jude\u0163 \u015fi al municipiului Bucure\u015fti.<br \/>\nClasamentul validat devine topul jude\u0163ean de firme.<br \/>\nInforma\u0163iile despre firmele din topul jude\u0163ean sunt actuale la momentul valid\u0103rii acestuia.<\/p>\n<p>5 Valoarea ad\u0103ugat\u0103 = Profit din exploatare + Cheltuieli cu personalul + Ajust\u0103rile de valoare privind<br \/>\nimobiliz\u0103rile corporale \u015fi necorporale + cheltuieli cu alte impozite, taxe \u0219i v\u0103rs\u0103minte asimilate<br \/>\n6 Capital angajat = datorii pe termen lung + capitaluri proprii.<br \/>\nMetodologia de realizare a topurilor de firme<br \/>\nPagina 5 din 5<br \/>\n2. Topul Na\u0163ional al Firmelor din Rom\u00e2nia<br \/>\nTopul Na\u0163ional al Firmelor din Rom\u00e2nia se organizeaz\u0103 \u00een exclusivitate de c\u0103tre Camera<br \/>\nNa\u0163ional\u0103, \u00een conformitate cu prevederile art. 28, lit. j din Legea 335\/2007 a Camerelor de<br \/>\nComer\u021b \u0219i Industrie din Rom\u00e2nia, modificat\u0103 \u0219i completat\u0103, \u015fi Cap. III, art.17, punctul 13 din<br \/>\nStatutul Camerei Na\u0163ionale.<br \/>\nClasamentul Topului Na\u0163ional al Firmelor se realizeaz\u0103 de c\u0103tre Camera Na\u0163ional\u0103, pe<br \/>\nbaza clasamentelor jude\u0163ene de firme furnizate de c\u0103tre Camerele de Comer\u0163 \u015fi Industrie<br \/>\nJude\u0163ene, prin interclasarea acestora \u015fi p\u0103strarea primelor maxim 10 pozi\u0163ii pentru fiecare<br \/>\ndomeniu, grup\u0103 de activitate \u015fi clas\u0103 de m\u0103rime a \u00eentreprinderilor. Topul Na\u0163ional al Firmelor<br \/>\neste format din firmele situate pe locul 1 &#8211; 10 \u00een acest clasament, la fiecare domeniu, grup\u0103 \u015fi<br \/>\nclas\u0103 de m\u0103rime a \u00eentreprinderii.<br \/>\n3. Responsabilit\u0103\u021bi<br \/>\nCamerele de Comer\u0163 \u015fi Industrie Jude\u0163ene \u015fi Camera de Comer\u0163 \u015fi Industrie a Rom\u00e2niei<br \/>\nnu \u00ee\u015fi asum\u0103 responsabilitatea pentru eventualele erori \u00een \u00eentocmirea situa\u0163iilor financiare \u015fi a<br \/>\noric\u0103ror alte documente utilizate la determinarea clasamentelor. Conform prevederilor legale,<br \/>\nr\u0103spunderea revine celor care au \u00eentocmit documentele \u00een cauz\u0103.<br \/>\nCamerele de Comer\u0163 \u015fi Industrie Jude\u0163ene \u015fi Camera de Comer\u0163 \u015fi Industrie a Rom\u00e2niei<br \/>\nnu pot fi \u0163inute responsabile pentru orice daune sau pierderi ce ar putea rezulta \u00een urma unei<br \/>\nac\u0163iuni sau renun\u0163are la ac\u0163iune, ca urmare a utiliz\u0103rii, \u00een orice scop, a datelor publicate \u00een<br \/>\nleg\u0103tur\u0103 cu Topurile Firmelor.<\/p>\n<p>Anexe :<\/p>\n<ul>\n<li><a href=\"http:\/\/www.ccidj.ro\/site\/wp-content\/uploads\/Anexa-1-Corespondenta-dintre-domenii-si-grupe-de-activitate-2017.pdf\">Anexa 1 &#8211; Corespondenta dintre domenii si grupe de activitate 2017<\/a><\/li>\n<li><a href=\"http:\/\/www.ccidj.ro\/site\/wp-content\/uploads\/Anexa-2-Elementele-din-situatiile-financiare.pdf\">Anexa 2 &#8211; Elementele din situatiile financiare<\/a><\/li>\n<li><a href=\"http:\/\/www.ccidj.ro\/site\/wp-content\/uploads\/Anexa-3-Ponderile-indicatorilor-utilizati-la-calculul-punctajelor.pdf\">Anexa 3 &#8211; Ponderile indicatorilor utilizati la calculul punctajelor<\/a><\/li>\n<li><a href=\"http:\/\/www.ccidj.ro\/site\/wp-content\/uploads\/Metodologie-Topuri-de-Firme-editia-a-XXIV-a-1.pdf\">Metodologie Topuri de Firme editia a XXIV-a <\/a><\/li>\n<\/ul>\n","protected":false},"excerpt":{"rendered":"<p>Metodologia de realizare a Topurilor de Firme organizate de Camerele de Comer\u0163 \u015fi Industrie din Rom\u00e2nia Edi\u0163ia a XXIV-a 1. Topurile jude\u0163ene de firme Topurile firmelor din jude\u0163e \u015fi Municipiul Bucure\u015fti, numite \u00een continuare topurile jude\u0163ene de firme, sunt organizate de Camerele de Comer\u0163 \u015fi Industrie Jude\u0163ene \u00een conformitate cu prevederile art. 4 lit. m [&hellip;]<\/p>\n","protected":false},"author":5,"featured_media":0,"parent":2820,"menu_order":0,"comment_status":"closed","ping_status":"closed","template":"","meta":{"ngg_post_thumbnail":0,"footnotes":""},"yoast_head":"<!-- This site is optimized with the Yoast SEO plugin v21.9 - https:\/\/yoast.com\/wordpress\/plugins\/seo\/ -->\n<title>Metodologie -<\/title>\n<meta name=\"robots\" content=\"index, follow, max-snippet:-1, max-image-preview:large, max-video-preview:-1\" \/>\n<link rel=\"canonical\" href=\"http:\/\/www.ccidj.ro\/site\/top-2017\/metodologie\/\" \/>\n<meta property=\"og:locale\" content=\"ro_RO\" \/>\n<meta property=\"og:type\" content=\"article\" \/>\n<meta property=\"og:title\" content=\"Metodologie -\" \/>\n<meta property=\"og:description\" content=\"Metodologia de realizare a Topurilor de Firme organizate de Camerele de Comer\u0163 \u015fi Industrie din Rom\u00e2nia Edi\u0163ia a XXIV-a 1. Topurile jude\u0163ene de firme Topurile firmelor din jude\u0163e \u015fi Municipiul Bucure\u015fti, numite \u00een continuare topurile jude\u0163ene de firme, sunt organizate de Camerele de Comer\u0163 \u015fi Industrie Jude\u0163ene \u00een conformitate cu prevederile art. 4 lit. m [&hellip;]\" \/>\n<meta property=\"og:url\" content=\"http:\/\/www.ccidj.ro\/site\/top-2017\/metodologie\/\" \/>\n<meta property=\"article:modified_time\" content=\"2017-11-22T09:25:26+00:00\" \/>\n<meta name=\"twitter:label1\" content=\"Timp estimat pentru citire\" \/>\n\t<meta name=\"twitter:data1\" content=\"8 minute\" \/>\n<script type=\"application\/ld+json\" class=\"yoast-schema-graph\">{\"@context\":\"https:\/\/schema.org\",\"@graph\":[{\"@type\":\"WebPage\",\"@id\":\"http:\/\/www.ccidj.ro\/site\/top-2017\/metodologie\/\",\"url\":\"http:\/\/www.ccidj.ro\/site\/top-2017\/metodologie\/\",\"name\":\"Metodologie -\",\"isPartOf\":{\"@id\":\"https:\/\/www.ccidj.ro\/site\/#website\"},\"datePublished\":\"2017-11-21T08:04:31+00:00\",\"dateModified\":\"2017-11-22T09:25:26+00:00\",\"breadcrumb\":{\"@id\":\"http:\/\/www.ccidj.ro\/site\/top-2017\/metodologie\/#breadcrumb\"},\"inLanguage\":\"ro-RO\",\"potentialAction\":[{\"@type\":\"ReadAction\",\"target\":[\"http:\/\/www.ccidj.ro\/site\/top-2017\/metodologie\/\"]}]},{\"@type\":\"BreadcrumbList\",\"@id\":\"http:\/\/www.ccidj.ro\/site\/top-2017\/metodologie\/#breadcrumb\",\"itemListElement\":[{\"@type\":\"ListItem\",\"position\":1,\"name\":\"Home\",\"item\":\"https:\/\/www.ccidj.ro\/site\/\"},{\"@type\":\"ListItem\",\"position\":2,\"name\":\"Top 2017\",\"item\":\"https:\/\/www.ccidj.ro\/site\/top-2017\/\"},{\"@type\":\"ListItem\",\"position\":3,\"name\":\"Metodologie\"}]},{\"@type\":\"WebSite\",\"@id\":\"https:\/\/www.ccidj.ro\/site\/#website\",\"url\":\"https:\/\/www.ccidj.ro\/site\/\",\"name\":\"\",\"description\":\"\",\"potentialAction\":[{\"@type\":\"SearchAction\",\"target\":{\"@type\":\"EntryPoint\",\"urlTemplate\":\"https:\/\/www.ccidj.ro\/site\/?s={search_term_string}\"},\"query-input\":\"required name=search_term_string\"}],\"inLanguage\":\"ro-RO\"}]}<\/script>\n<!-- \/ Yoast SEO plugin. -->","yoast_head_json":{"title":"Metodologie -","robots":{"index":"index","follow":"follow","max-snippet":"max-snippet:-1","max-image-preview":"max-image-preview:large","max-video-preview":"max-video-preview:-1"},"canonical":"http:\/\/www.ccidj.ro\/site\/top-2017\/metodologie\/","og_locale":"ro_RO","og_type":"article","og_title":"Metodologie -","og_description":"Metodologia de realizare a Topurilor de Firme organizate de Camerele de Comer\u0163 \u015fi Industrie din Rom\u00e2nia Edi\u0163ia a XXIV-a 1. Topurile jude\u0163ene de firme Topurile firmelor din jude\u0163e \u015fi Municipiul Bucure\u015fti, numite \u00een continuare topurile jude\u0163ene de firme, sunt organizate de Camerele de Comer\u0163 \u015fi Industrie Jude\u0163ene \u00een conformitate cu prevederile art. 4 lit. m [&hellip;]","og_url":"http:\/\/www.ccidj.ro\/site\/top-2017\/metodologie\/","article_modified_time":"2017-11-22T09:25:26+00:00","twitter_misc":{"Timp estimat pentru citire":"8 minute"},"schema":{"@context":"https:\/\/schema.org","@graph":[{"@type":"WebPage","@id":"http:\/\/www.ccidj.ro\/site\/top-2017\/metodologie\/","url":"http:\/\/www.ccidj.ro\/site\/top-2017\/metodologie\/","name":"Metodologie -","isPartOf":{"@id":"https:\/\/www.ccidj.ro\/site\/#website"},"datePublished":"2017-11-21T08:04:31+00:00","dateModified":"2017-11-22T09:25:26+00:00","breadcrumb":{"@id":"http:\/\/www.ccidj.ro\/site\/top-2017\/metodologie\/#breadcrumb"},"inLanguage":"ro-RO","potentialAction":[{"@type":"ReadAction","target":["http:\/\/www.ccidj.ro\/site\/top-2017\/metodologie\/"]}]},{"@type":"BreadcrumbList","@id":"http:\/\/www.ccidj.ro\/site\/top-2017\/metodologie\/#breadcrumb","itemListElement":[{"@type":"ListItem","position":1,"name":"Home","item":"https:\/\/www.ccidj.ro\/site\/"},{"@type":"ListItem","position":2,"name":"Top 2017","item":"https:\/\/www.ccidj.ro\/site\/top-2017\/"},{"@type":"ListItem","position":3,"name":"Metodologie"}]},{"@type":"WebSite","@id":"https:\/\/www.ccidj.ro\/site\/#website","url":"https:\/\/www.ccidj.ro\/site\/","name":"","description":"","potentialAction":[{"@type":"SearchAction","target":{"@type":"EntryPoint","urlTemplate":"https:\/\/www.ccidj.ro\/site\/?s={search_term_string}"},"query-input":"required name=search_term_string"}],"inLanguage":"ro-RO"}]}},"_links":{"self":[{"href":"http:\/\/www.ccidj.ro\/site\/wp-json\/wp\/v2\/pages\/2834"}],"collection":[{"href":"http:\/\/www.ccidj.ro\/site\/wp-json\/wp\/v2\/pages"}],"about":[{"href":"http:\/\/www.ccidj.ro\/site\/wp-json\/wp\/v2\/types\/page"}],"author":[{"embeddable":true,"href":"http:\/\/www.ccidj.ro\/site\/wp-json\/wp\/v2\/users\/5"}],"replies":[{"embeddable":true,"href":"http:\/\/www.ccidj.ro\/site\/wp-json\/wp\/v2\/comments?post=2834"}],"version-history":[{"count":3,"href":"http:\/\/www.ccidj.ro\/site\/wp-json\/wp\/v2\/pages\/2834\/revisions"}],"predecessor-version":[{"id":2863,"href":"http:\/\/www.ccidj.ro\/site\/wp-json\/wp\/v2\/pages\/2834\/revisions\/2863"}],"up":[{"embeddable":true,"href":"http:\/\/www.ccidj.ro\/site\/wp-json\/wp\/v2\/pages\/2820"}],"wp:attachment":[{"href":"http:\/\/www.ccidj.ro\/site\/wp-json\/wp\/v2\/media?parent=2834"}],"curies":[{"name":"wp","href":"https:\/\/api.w.org\/{rel}","templated":true}]}}