{"id":4424,"date":"2020-11-22T23:35:01","date_gmt":"2020-11-22T21:35:01","guid":{"rendered":"http:\/\/www.ccidj.ro\/site\/?page_id=4424"},"modified":"2020-11-23T13:16:55","modified_gmt":"2020-11-23T11:16:55","slug":"topul-firmelor-2020","status":"publish","type":"page","link":"http:\/\/www.ccidj.ro\/site\/topul-firmelor-2020\/","title":{"rendered":"Topul Firmelor 2020"},"content":{"rendered":"<div>\n<p class=\"v1MsoSubtitle\" style=\"text-align: center;\"><strong><span lang=\"RO\">TOPUL FIRMELOR<\/span><\/strong><\/p>\n<p class=\"v1MsoSubtitle\" style=\"text-align: center;\"><strong><span lang=\"RO\">PERFORMANTA LA NIVEL DE EXCELENTA\u00a0<\/span><\/strong><\/p>\n<p class=\"v1MsoNormal\">\u00a0\u00a0\u00a0\u00a0\u00a0\u00a0\u00a0\u00a0\u00a0\u00a0\u00a0 Anul 2020 a adus provoc\u0103ri majore pentru economie. Continuitatea activit\u0103\u021bilor economice a fost \u0219i r\u0103m\u00e2ne vital\u0103 pentru dep\u0103\u0219irea acestei perioade dificile. Economia nu s-a oprit, iar oamenii de afaceri caut\u0103 solu\u021bii de adaptare la noua realitate \u0219i \u00eencearc\u0103, de asemenea, s\u0103-\u0219i creeze noi oportunit\u0103\u021bi de afaceri.<\/p>\n<p class=\"v1MsoNormal\">\u00a0\u00a0\u00a0\u00a0\u00a0\u00a0\u00a0\u00a0\u00a0\u00a0\u00a0 Mai ales \u00een acest context dificil din 2020, Camera de Comer\u021b \u0219i Industrie Dolj este un sus\u021bin\u0103tor puternic al intereselor comunit\u0103\u021bii de afaceri.<\/p>\n<p class=\"v1MsoNormal\">Doar pentru c\u0103 este un an dificil, nu trebuie uitate performan\u021bele \u00eenregistrate de companiile doljene \u00een 2019. Dimpotriv\u0103, acestea trebuie cunoscute de autorit\u0103\u021bi \u0219i opinia public\u0103 deopotriv\u0103.<\/p>\n<p class=\"v1MsoNormal\">In acest context organizam\u00a0\u00a0<b><i>TOPUL FIRMELOR<\/i><\/b>, o edi\u021bie special\u0103, \u00a0\u00een care vom a\u0219eza la loc de cinste munca \u0219i performan\u021ba celor care \u021bin pornit motorul economiei, ce se va desf\u0103\u0219ura\u00a0<b>joi, 26 noiembrie 2020, ora 14:00, pe platforma\u00a0 ZOOM<\/b>.<\/p>\n<p class=\"v1MsoNormal\">\u00a0\u00a0\u00a0\u00a0\u00a0\u00a0\u00a0\u00a0\u00a0\u00a0\u00a0\u00a0Topul firmelor din acest an este o recunoa\u015ftere public\u0103 a celor mai performante companii din jude\u0163ul Dolj. Clasamentul a fost realizat pe baza unei metodologii unice la nivel na\u0163ional, \u0163in\u00e2nd cont de situa\u0163ia financiar\u0103 din anul 2019.<\/p>\n<p class=\"v1MsoNormal\">Pe locurile 1-10 din top s-au clasat \u00a02638 firme din jude\u0163ul nostru, dintre care 1.407 \u00a0firme ocup\u0103 locurile 1-3. Se vor acorda premii de excelen\u0163\u0103 pentru firmele care s-au situat pe unul din primele trei locuri \u00een ultimii 3 ani, distinc\u0163ii de excelen\u0163\u0103 pentru firmele care s-au situat pe unul din primele trei locuri \u00een ultimii 5 ani \u015fi trofee de excelen\u0163\u0103 pentru firmele care s-au situat pe unul din primele trei locuri \u00a0\u00a0peste 10 ani consecutiv.<\/p>\n<p class=\"v1MsoNormal\">Printre\u00a0<b>indicatorii folosi\u0163i la determinarea Topului Firmelor\u00a0<\/b>se num\u0103r\u0103:\u00a0 cifra de afaceri net\u0103, profitul \u015fi rata profitului din exploatare, eficien\u0163a utiliz\u0103rii resurselor umane \u015fi a capitalului angajat.<\/p>\n<p class=\"v1MsoNormal\"><b>Topul este structurat pe \u015fapte domenii de activitate:<\/b><\/p>\n<p class=\"v1MsoNormal\">&#8211;\u00a0<b>Cercetare-Dezvoltare \u015fi High-Tech;<\/b><\/p>\n<p class=\"v1MsoNormal\">&#8211;\u00a0<b>Industrie;<\/b><\/p>\n<p class=\"v1MsoNormal\">&#8211;\u00a0<b>Agricultur\u0103, Silvicultur\u0103 \u015fi Pescuit<\/b>;<\/p>\n<p class=\"v1MsoNormal\">&#8211;\u00a0<b>Construc\u0163ii;<\/b><\/p>\n<p class=\"v1MsoNormal\">&#8211;\u00a0<b>Servicii;<\/b><\/p>\n<p class=\"v1MsoNormal\">&#8211;\u00a0<b>Comer\u0163;<\/b><\/p>\n<p class=\"v1MsoNormal\">&#8211;\u00a0<b>Turism.<\/b><\/p>\n<\/div>\n<div><\/div>\n<div><img loading=\"lazy\" decoding=\"async\" class=\"size-medium wp-image-4425 aligncenter\" src=\"http:\/\/www.ccidj.ro\/site\/wp-content\/uploads\/125762602_2443138575989282_7232613300076180843_o-700x394.jpg\" alt=\"\" width=\"700\" height=\"394\" srcset=\"http:\/\/www.ccidj.ro\/site\/wp-content\/uploads\/125762602_2443138575989282_7232613300076180843_o-700x394.jpg 700w, http:\/\/www.ccidj.ro\/site\/wp-content\/uploads\/125762602_2443138575989282_7232613300076180843_o-768x433.jpg 768w, http:\/\/www.ccidj.ro\/site\/wp-content\/uploads\/125762602_2443138575989282_7232613300076180843_o-1600x901.jpg 1600w, http:\/\/www.ccidj.ro\/site\/wp-content\/uploads\/125762602_2443138575989282_7232613300076180843_o-628x353.jpg 628w, http:\/\/www.ccidj.ro\/site\/wp-content\/uploads\/125762602_2443138575989282_7232613300076180843_o-462x260.jpg 462w, http:\/\/www.ccidj.ro\/site\/wp-content\/uploads\/125762602_2443138575989282_7232613300076180843_o-296x167.jpg 296w, http:\/\/www.ccidj.ro\/site\/wp-content\/uploads\/125762602_2443138575989282_7232613300076180843_o-213x120.jpg 213w, http:\/\/www.ccidj.ro\/site\/wp-content\/uploads\/125762602_2443138575989282_7232613300076180843_o-1024x577.jpg 1024w, http:\/\/www.ccidj.ro\/site\/wp-content\/uploads\/125762602_2443138575989282_7232613300076180843_o.jpg 1923w\" sizes=\"(max-width: 700px) 100vw, 700px\" \/><\/div>\n<div><\/div>\n<div><\/div>\n<div style=\"text-align: center;\">\n<p class=\"v1MsoNormal\">Evenimentul este realizat cu sprijinul\u00a0<b>partenerului principal<\/b>\u00a0AL SHEFA FARM SRL \u2013 farmaciile AL-SHEFA \u015fi\u00a0 al\u00a0<b>partenerilor silver:<\/b><\/p>\n<p class=\"v1MsoListParagraph\">\u00b7\u00a0\u00a0\u00a0\u00a0\u00a0\u00a0\u00a0\u00a0\u00a0PRIMASERV S.R.L.;<\/p>\n<p class=\"v1MsoListParagraph\">\u00b7\u00a0\u00a0\u00a0\u00a0\u00a0\u00a0\u00a0\u00a0\u00a0ELPRECO S.A.;<\/p>\n<p class=\"v1MsoListParagraph\">\u00b7\u00a0\u00a0\u00a0\u00a0\u00a0\u00a0\u00a0\u00a0\u00a0PROFESSIONAL CONSULTING S.R.L.;<\/p>\n<p class=\"v1MsoListParagraph\">\u00b7\u00a0\u00a0\u00a0\u00a0\u00a0\u00a0\u00a0\u00a0\u00a0STIL MEDIA S.R.L.;<\/p>\n<p class=\"v1MsoListParagraph\">\u00b7\u00a0\u00a0\u00a0\u00a0\u00a0\u00a0\u00a0\u00a0\u00a0ENGIE ROMANIA S.A.<\/p>\n<p class=\"v1MsoListParagraph\">\u00b7\u00a0\u00a0\u00a0\u00a0\u00a0\u00a0\u00a0\u00a0\u00a0MERCUR S.A.<\/p>\n<p class=\"v1MsoListParagraph\">\u00b7\u00a0\u00a0\u00a0\u00a0\u00a0\u00a0\u00a0\u00a0\u00a0S\u0102ULEANU \u0218I ASOCIA\u021aII SOCIETATE PROFESIONAL\u0102 DE AVOCA\u021aI<\/p>\n<p class=\"v1MsoListParagraph\">\u00b7\u00a0\u00a0\u00a0\u00a0\u00a0\u00a0\u00a0\u00a0\u00a0MENTOR S.R.L.;<\/p>\n<p class=\"v1MsoListParagraph\">\u00b7\u00a0\u00a0\u00a0\u00a0\u00a0\u00a0\u00a0\u00a0\u00a0VLADOR SMART S.R.L.<\/p>\n<p class=\"v1MsoListParagraph\">\u00b7\u00a0\u00a0\u00a0\u00a0\u00a0\u00a0\u00a0\u00a0\u00a0RECON S.A.<\/p>\n<p class=\"v1MsoListParagraph\">\u00b7\u00a0\u00a0\u00a0\u00a0\u00a0\u00a0\u00a0\u00a0\u00a0SOCIETATEA PENTRU LUCR\u0102RI DE DRUMURI \u0218I PODURI DOLJ S.A.;<\/p>\n<p class=\"v1MsoListParagraph\">\u00b7\u00a0\u00a0\u00a0\u00a0\u00a0\u00a0\u00a0\u00a0\u00a0<span lang=\"IT\">EVOBRAND S.R.L.<\/span><\/p>\n<p class=\"v1MsoListParagraph\">\u00b7\u00a0\u00a0\u00a0\u00a0\u00a0\u00a0\u00a0\u00a0\u00a0NEW AGE ADVERTISING AGENCY S.R.L.;<\/p>\n<p class=\"v1MsoListParagraph\">\u00b7\u00a0\u00a0\u00a0\u00a0\u00a0\u00a0\u00a0\u00a0\u00a0LEGABRIS PREST S.R.L.;<\/p>\n<p class=\"v1MsoListParagraph\">\u00b7\u00a0\u00a0\u00a0\u00a0\u00a0\u00a0\u00a0\u00a0\u00a0INEJ COM S.R.L.;<\/p>\n<p class=\"v1MsoNormal\"><b><span lang=\"IT\">Partenerii Media ai evenimentului sunt:<\/span><\/b><span lang=\"IT\">\u00a0GAZETA DE SUD, TVR CRAIOVA, KISS FM, CUV\u00c2NTUL LIBERT\u0102\u0162II,\u00a0 CRAIOVA FORUM, AMIRAL MEDIA ADVERTISING\u00a0 \u0218I PAGINI NA\u0162IONALE.<\/span><\/p>\n<p><img loading=\"lazy\" decoding=\"async\" class=\"alignnone size-full wp-image-4436\" src=\"http:\/\/www.ccidj.ro\/site\/wp-content\/uploads\/macheta-600X360-MARE-1.jpg\" alt=\"\" width=\"600\" height=\"360\" \/><\/p>\n<\/div>\n","protected":false},"excerpt":{"rendered":"<p>TOPUL FIRMELOR PERFORMANTA LA NIVEL DE EXCELENTA\u00a0 \u00a0\u00a0\u00a0\u00a0\u00a0\u00a0\u00a0\u00a0\u00a0\u00a0\u00a0 Anul 2020 a adus provoc\u0103ri majore pentru economie. Continuitatea activit\u0103\u021bilor economice a fost \u0219i r\u0103m\u00e2ne vital\u0103 pentru dep\u0103\u0219irea acestei perioade dificile. Economia nu s-a oprit, iar oamenii de afaceri caut\u0103 solu\u021bii de adaptare la noua realitate \u0219i \u00eencearc\u0103, de asemenea, s\u0103-\u0219i creeze noi oportunit\u0103\u021bi de afaceri. \u00a0\u00a0\u00a0\u00a0\u00a0\u00a0\u00a0\u00a0\u00a0\u00a0\u00a0 [&hellip;]<\/p>\n","protected":false},"author":5,"featured_media":4436,"parent":0,"menu_order":0,"comment_status":"closed","ping_status":"closed","template":"","meta":{"ngg_post_thumbnail":0,"footnotes":""},"yoast_head":"<!-- This site is optimized with the Yoast SEO plugin v21.9 - https:\/\/yoast.com\/wordpress\/plugins\/seo\/ -->\n<title>Topul Firmelor 2020 -<\/title>\n<meta name=\"robots\" content=\"index, follow, max-snippet:-1, max-image-preview:large, max-video-preview:-1\" \/>\n<link rel=\"canonical\" href=\"https:\/\/www.ccidj.ro\/site\/topul-firmelor-2020\/\" \/>\n<meta property=\"og:locale\" content=\"ro_RO\" \/>\n<meta property=\"og:type\" content=\"article\" \/>\n<meta property=\"og:title\" content=\"Topul Firmelor 2020 -\" \/>\n<meta property=\"og:description\" content=\"TOPUL FIRMELOR PERFORMANTA LA NIVEL DE EXCELENTA\u00a0 \u00a0\u00a0\u00a0\u00a0\u00a0\u00a0\u00a0\u00a0\u00a0\u00a0\u00a0 Anul 2020 a adus provoc\u0103ri majore pentru economie. Continuitatea activit\u0103\u021bilor economice a fost \u0219i r\u0103m\u00e2ne vital\u0103 pentru dep\u0103\u0219irea acestei perioade dificile. Economia nu s-a oprit, iar oamenii de afaceri caut\u0103 solu\u021bii de adaptare la noua realitate \u0219i \u00eencearc\u0103, de asemenea, s\u0103-\u0219i creeze noi oportunit\u0103\u021bi de afaceri. \u00a0\u00a0\u00a0\u00a0\u00a0\u00a0\u00a0\u00a0\u00a0\u00a0\u00a0 [&hellip;]\" \/>\n<meta property=\"og:url\" content=\"https:\/\/www.ccidj.ro\/site\/topul-firmelor-2020\/\" \/>\n<meta property=\"article:modified_time\" content=\"2020-11-23T11:16:55+00:00\" \/>\n<meta property=\"og:image\" content=\"https:\/\/www.ccidj.ro\/site\/wp-content\/uploads\/macheta-600X360-MARE-1.jpg\" \/>\n\t<meta property=\"og:image:width\" content=\"600\" \/>\n\t<meta property=\"og:image:height\" content=\"360\" \/>\n\t<meta property=\"og:image:type\" content=\"image\/jpeg\" \/>\n<meta name=\"twitter:label1\" content=\"Timp estimat pentru citire\" \/>\n\t<meta name=\"twitter:data1\" content=\"2 minute\" \/>\n<script type=\"application\/ld+json\" class=\"yoast-schema-graph\">{\"@context\":\"https:\/\/schema.org\",\"@graph\":[{\"@type\":\"WebPage\",\"@id\":\"https:\/\/www.ccidj.ro\/site\/topul-firmelor-2020\/\",\"url\":\"https:\/\/www.ccidj.ro\/site\/topul-firmelor-2020\/\",\"name\":\"Topul Firmelor 2020 -\",\"isPartOf\":{\"@id\":\"https:\/\/www.ccidj.ro\/site\/#website\"},\"datePublished\":\"2020-11-22T21:35:01+00:00\",\"dateModified\":\"2020-11-23T11:16:55+00:00\",\"breadcrumb\":{\"@id\":\"https:\/\/www.ccidj.ro\/site\/topul-firmelor-2020\/#breadcrumb\"},\"inLanguage\":\"ro-RO\",\"potentialAction\":[{\"@type\":\"ReadAction\",\"target\":[\"https:\/\/www.ccidj.ro\/site\/topul-firmelor-2020\/\"]}]},{\"@type\":\"BreadcrumbList\",\"@id\":\"https:\/\/www.ccidj.ro\/site\/topul-firmelor-2020\/#breadcrumb\",\"itemListElement\":[{\"@type\":\"ListItem\",\"position\":1,\"name\":\"Home\",\"item\":\"https:\/\/www.ccidj.ro\/site\/\"},{\"@type\":\"ListItem\",\"position\":2,\"name\":\"Topul Firmelor 2020\"}]},{\"@type\":\"WebSite\",\"@id\":\"https:\/\/www.ccidj.ro\/site\/#website\",\"url\":\"https:\/\/www.ccidj.ro\/site\/\",\"name\":\"\",\"description\":\"\",\"potentialAction\":[{\"@type\":\"SearchAction\",\"target\":{\"@type\":\"EntryPoint\",\"urlTemplate\":\"https:\/\/www.ccidj.ro\/site\/?s={search_term_string}\"},\"query-input\":\"required name=search_term_string\"}],\"inLanguage\":\"ro-RO\"}]}<\/script>\n<!-- \/ Yoast SEO plugin. -->","yoast_head_json":{"title":"Topul Firmelor 2020 -","robots":{"index":"index","follow":"follow","max-snippet":"max-snippet:-1","max-image-preview":"max-image-preview:large","max-video-preview":"max-video-preview:-1"},"canonical":"https:\/\/www.ccidj.ro\/site\/topul-firmelor-2020\/","og_locale":"ro_RO","og_type":"article","og_title":"Topul Firmelor 2020 -","og_description":"TOPUL FIRMELOR PERFORMANTA LA NIVEL DE EXCELENTA\u00a0 \u00a0\u00a0\u00a0\u00a0\u00a0\u00a0\u00a0\u00a0\u00a0\u00a0\u00a0 Anul 2020 a adus provoc\u0103ri majore pentru economie. Continuitatea activit\u0103\u021bilor economice a fost \u0219i r\u0103m\u00e2ne vital\u0103 pentru dep\u0103\u0219irea acestei perioade dificile. Economia nu s-a oprit, iar oamenii de afaceri caut\u0103 solu\u021bii de adaptare la noua realitate \u0219i \u00eencearc\u0103, de asemenea, s\u0103-\u0219i creeze noi oportunit\u0103\u021bi de afaceri. \u00a0\u00a0\u00a0\u00a0\u00a0\u00a0\u00a0\u00a0\u00a0\u00a0\u00a0 [&hellip;]","og_url":"https:\/\/www.ccidj.ro\/site\/topul-firmelor-2020\/","article_modified_time":"2020-11-23T11:16:55+00:00","og_image":[{"width":600,"height":360,"url":"https:\/\/www.ccidj.ro\/site\/wp-content\/uploads\/macheta-600X360-MARE-1.jpg","type":"image\/jpeg"}],"twitter_misc":{"Timp estimat pentru citire":"2 minute"},"schema":{"@context":"https:\/\/schema.org","@graph":[{"@type":"WebPage","@id":"https:\/\/www.ccidj.ro\/site\/topul-firmelor-2020\/","url":"https:\/\/www.ccidj.ro\/site\/topul-firmelor-2020\/","name":"Topul Firmelor 2020 -","isPartOf":{"@id":"https:\/\/www.ccidj.ro\/site\/#website"},"datePublished":"2020-11-22T21:35:01+00:00","dateModified":"2020-11-23T11:16:55+00:00","breadcrumb":{"@id":"https:\/\/www.ccidj.ro\/site\/topul-firmelor-2020\/#breadcrumb"},"inLanguage":"ro-RO","potentialAction":[{"@type":"ReadAction","target":["https:\/\/www.ccidj.ro\/site\/topul-firmelor-2020\/"]}]},{"@type":"BreadcrumbList","@id":"https:\/\/www.ccidj.ro\/site\/topul-firmelor-2020\/#breadcrumb","itemListElement":[{"@type":"ListItem","position":1,"name":"Home","item":"https:\/\/www.ccidj.ro\/site\/"},{"@type":"ListItem","position":2,"name":"Topul Firmelor 2020"}]},{"@type":"WebSite","@id":"https:\/\/www.ccidj.ro\/site\/#website","url":"https:\/\/www.ccidj.ro\/site\/","name":"","description":"","potentialAction":[{"@type":"SearchAction","target":{"@type":"EntryPoint","urlTemplate":"https:\/\/www.ccidj.ro\/site\/?s={search_term_string}"},"query-input":"required name=search_term_string"}],"inLanguage":"ro-RO"}]}},"_links":{"self":[{"href":"http:\/\/www.ccidj.ro\/site\/wp-json\/wp\/v2\/pages\/4424"}],"collection":[{"href":"http:\/\/www.ccidj.ro\/site\/wp-json\/wp\/v2\/pages"}],"about":[{"href":"http:\/\/www.ccidj.ro\/site\/wp-json\/wp\/v2\/types\/page"}],"author":[{"embeddable":true,"href":"http:\/\/www.ccidj.ro\/site\/wp-json\/wp\/v2\/users\/5"}],"replies":[{"embeddable":true,"href":"http:\/\/www.ccidj.ro\/site\/wp-json\/wp\/v2\/comments?post=4424"}],"version-history":[{"count":5,"href":"http:\/\/www.ccidj.ro\/site\/wp-json\/wp\/v2\/pages\/4424\/revisions"}],"predecessor-version":[{"id":4437,"href":"http:\/\/www.ccidj.ro\/site\/wp-json\/wp\/v2\/pages\/4424\/revisions\/4437"}],"wp:featuredmedia":[{"embeddable":true,"href":"http:\/\/www.ccidj.ro\/site\/wp-json\/wp\/v2\/media\/4436"}],"wp:attachment":[{"href":"http:\/\/www.ccidj.ro\/site\/wp-json\/wp\/v2\/media?parent=4424"}],"curies":[{"name":"wp","href":"https:\/\/api.w.org\/{rel}","templated":true}]}}