{"id":4600,"date":"2022-10-11T09:07:40","date_gmt":"2022-10-11T06:07:40","guid":{"rendered":"http:\/\/www.ccidj.ro\/site\/?page_id=4600"},"modified":"2022-10-11T09:29:34","modified_gmt":"2022-10-11T06:29:34","slug":"mesajul-presedintelui-2","status":"publish","type":"page","link":"http:\/\/www.ccidj.ro\/site\/mesajul-presedintelui-2\/","title":{"rendered":"Mesajul Pre\u0219edintelui"},"content":{"rendered":"<p><img loading=\"lazy\" decoding=\"async\" class=\"alignnone size-full wp-image-4601\" src=\"http:\/\/www.ccidj.ro\/site\/wp-content\/uploads\/Imagine1-1.png\" alt=\"\" width=\"195\" height=\"198\" srcset=\"http:\/\/www.ccidj.ro\/site\/wp-content\/uploads\/Imagine1-1.png 195w, http:\/\/www.ccidj.ro\/site\/wp-content\/uploads\/Imagine1-1-47x47.png 47w\" sizes=\"(max-width: 195px) 100vw, 195px\" \/><\/p>\n<p><strong>Stimati \u00a0antreprenori \u00a0si \u00a0parteneri,<\/strong><\/p>\n<p>Continuand traditia de aproape trei decenii, campionii doljeni ai excelentei in afaceri\u00a0 sunt sarbatoriti, promovati si \u00a0premiati \u00a0in cadrul unui eveniment de inalta tinuta &#8211; Gala \u00ab\u00a0Topul Firmelor din judetul Dolj \u00bb.<\/p>\n<p>Din cele\u00a0 20265\u00a0 firme din judetul Dolj, care au depus bilantul contabil pentru anul 2021, in clasamentul din acest an figureaza 2750 companii laureate, cei mai eficienti operatori economici din judet, care au avut performante notabile in anul 2021.<\/p>\n<p>Lucrarea Topul Firmelor aduce in centrul comunitatii de afaceri locale si nu numai, rezultatele si activitatea firmelor reprezentative din judet care, prin performantele lor, reusesc ca de la un an la altul sa aduca competitivitate, inovare si valoare adaugata economiei locale si nationale.<\/p>\n<p>Metodologia folosita la stabilirea clasamentului este unica la nivel national, Camerele de Comert fiind singurele institutii mandatate de lege sa realizeze Topul Firmelor.<\/p>\n<p>In fiecare an, CCI Dolj a beneficiat \u00een Comisia tehnic\u0103 de validare a clasamentului, de expertiza reprezentan\u0163ilor Direc\u0163iei Generale a Finan\u0163elor Publice Dolj, Direc\u0163iei Regionale de Statistica Dolj \u015fi ai Oficiului Registrului Comer\u0163ului.<\/p>\n<p>Rolul Camerei de Comert si lndustrie Dolj este acela de a servi intereselor mediului de afaceri local, in acest sens, va asiguram de intregul nostru sprjin in eforturile dumneavoastra de dezvoltare, internationalizare si promovare a afacerilor eficiente.<\/p>\n<p>Va dorim putere de munca, afaceri profitabile si incredere in viitor!<\/p>\n<p>&nbsp;<\/p>\n<p style=\"text-align: center;\"><em>Cu deosebit\u0103 considera\u0163ie,<\/em><\/p>\n<p style=\"text-align: center;\"><strong><em>Pre\u015fedinte\u00a0 Gabriel VL\u0102DU\u0162<\/em><\/strong><\/p>\n","protected":false},"excerpt":{"rendered":"<p>Stimati \u00a0antreprenori \u00a0si \u00a0parteneri, Continuand traditia de aproape trei decenii, campionii doljeni ai excelentei in afaceri\u00a0 sunt sarbatoriti, promovati si \u00a0premiati \u00a0in cadrul unui eveniment de inalta tinuta &#8211; Gala \u00ab\u00a0Topul Firmelor din judetul Dolj \u00bb. Din cele\u00a0 20265\u00a0 firme din judetul Dolj, care au depus bilantul contabil pentru anul 2021, in clasamentul din acest [&hellip;]<\/p>\n","protected":false},"author":5,"featured_media":0,"parent":0,"menu_order":0,"comment_status":"closed","ping_status":"closed","template":"","meta":{"ngg_post_thumbnail":0,"footnotes":""},"yoast_head":"<!-- This site is optimized with the Yoast SEO plugin v21.9 - https:\/\/yoast.com\/wordpress\/plugins\/seo\/ -->\n<title>Mesajul Pre\u0219edintelui -<\/title>\n<meta name=\"robots\" content=\"index, follow, max-snippet:-1, max-image-preview:large, max-video-preview:-1\" \/>\n<link rel=\"canonical\" href=\"http:\/\/www.ccidj.ro\/site\/mesajul-presedintelui-2\/\" \/>\n<meta property=\"og:locale\" content=\"ro_RO\" \/>\n<meta property=\"og:type\" content=\"article\" \/>\n<meta property=\"og:title\" content=\"Mesajul Pre\u0219edintelui -\" \/>\n<meta property=\"og:description\" content=\"Stimati \u00a0antreprenori \u00a0si \u00a0parteneri, Continuand traditia de aproape trei decenii, campionii doljeni ai excelentei in afaceri\u00a0 sunt sarbatoriti, promovati si \u00a0premiati \u00a0in cadrul unui eveniment de inalta tinuta &#8211; Gala \u00ab\u00a0Topul Firmelor din judetul Dolj \u00bb. Din cele\u00a0 20265\u00a0 firme din judetul Dolj, care au depus bilantul contabil pentru anul 2021, in clasamentul din acest [&hellip;]\" \/>\n<meta property=\"og:url\" content=\"http:\/\/www.ccidj.ro\/site\/mesajul-presedintelui-2\/\" \/>\n<meta property=\"article:modified_time\" content=\"2022-10-11T06:29:34+00:00\" \/>\n<meta property=\"og:image\" content=\"http:\/\/www.ccidj.ro\/site\/wp-content\/uploads\/Imagine1-1.png\" \/>\n<meta name=\"twitter:label1\" content=\"Timp estimat pentru citire\" \/>\n\t<meta name=\"twitter:data1\" content=\"1 minut\" \/>\n<script type=\"application\/ld+json\" class=\"yoast-schema-graph\">{\"@context\":\"https:\/\/schema.org\",\"@graph\":[{\"@type\":\"WebPage\",\"@id\":\"http:\/\/www.ccidj.ro\/site\/mesajul-presedintelui-2\/\",\"url\":\"http:\/\/www.ccidj.ro\/site\/mesajul-presedintelui-2\/\",\"name\":\"Mesajul Pre\u0219edintelui -\",\"isPartOf\":{\"@id\":\"http:\/\/www.ccidj.ro\/site\/#website\"},\"datePublished\":\"2022-10-11T06:07:40+00:00\",\"dateModified\":\"2022-10-11T06:29:34+00:00\",\"breadcrumb\":{\"@id\":\"http:\/\/www.ccidj.ro\/site\/mesajul-presedintelui-2\/#breadcrumb\"},\"inLanguage\":\"ro-RO\",\"potentialAction\":[{\"@type\":\"ReadAction\",\"target\":[\"http:\/\/www.ccidj.ro\/site\/mesajul-presedintelui-2\/\"]}]},{\"@type\":\"BreadcrumbList\",\"@id\":\"http:\/\/www.ccidj.ro\/site\/mesajul-presedintelui-2\/#breadcrumb\",\"itemListElement\":[{\"@type\":\"ListItem\",\"position\":1,\"name\":\"Home\",\"item\":\"http:\/\/www.ccidj.ro\/site\/\"},{\"@type\":\"ListItem\",\"position\":2,\"name\":\"Mesajul Pre\u0219edintelui\"}]},{\"@type\":\"WebSite\",\"@id\":\"http:\/\/www.ccidj.ro\/site\/#website\",\"url\":\"http:\/\/www.ccidj.ro\/site\/\",\"name\":\"\",\"description\":\"\",\"potentialAction\":[{\"@type\":\"SearchAction\",\"target\":{\"@type\":\"EntryPoint\",\"urlTemplate\":\"http:\/\/www.ccidj.ro\/site\/?s={search_term_string}\"},\"query-input\":\"required name=search_term_string\"}],\"inLanguage\":\"ro-RO\"}]}<\/script>\n<!-- \/ Yoast SEO plugin. -->","yoast_head_json":{"title":"Mesajul Pre\u0219edintelui -","robots":{"index":"index","follow":"follow","max-snippet":"max-snippet:-1","max-image-preview":"max-image-preview:large","max-video-preview":"max-video-preview:-1"},"canonical":"http:\/\/www.ccidj.ro\/site\/mesajul-presedintelui-2\/","og_locale":"ro_RO","og_type":"article","og_title":"Mesajul Pre\u0219edintelui -","og_description":"Stimati \u00a0antreprenori \u00a0si \u00a0parteneri, Continuand traditia de aproape trei decenii, campionii doljeni ai excelentei in afaceri\u00a0 sunt sarbatoriti, promovati si \u00a0premiati \u00a0in cadrul unui eveniment de inalta tinuta &#8211; Gala \u00ab\u00a0Topul Firmelor din judetul Dolj \u00bb. Din cele\u00a0 20265\u00a0 firme din judetul Dolj, care au depus bilantul contabil pentru anul 2021, in clasamentul din acest [&hellip;]","og_url":"http:\/\/www.ccidj.ro\/site\/mesajul-presedintelui-2\/","article_modified_time":"2022-10-11T06:29:34+00:00","og_image":[{"url":"http:\/\/www.ccidj.ro\/site\/wp-content\/uploads\/Imagine1-1.png"}],"twitter_misc":{"Timp estimat pentru citire":"1 minut"},"schema":{"@context":"https:\/\/schema.org","@graph":[{"@type":"WebPage","@id":"http:\/\/www.ccidj.ro\/site\/mesajul-presedintelui-2\/","url":"http:\/\/www.ccidj.ro\/site\/mesajul-presedintelui-2\/","name":"Mesajul Pre\u0219edintelui -","isPartOf":{"@id":"http:\/\/www.ccidj.ro\/site\/#website"},"datePublished":"2022-10-11T06:07:40+00:00","dateModified":"2022-10-11T06:29:34+00:00","breadcrumb":{"@id":"http:\/\/www.ccidj.ro\/site\/mesajul-presedintelui-2\/#breadcrumb"},"inLanguage":"ro-RO","potentialAction":[{"@type":"ReadAction","target":["http:\/\/www.ccidj.ro\/site\/mesajul-presedintelui-2\/"]}]},{"@type":"BreadcrumbList","@id":"http:\/\/www.ccidj.ro\/site\/mesajul-presedintelui-2\/#breadcrumb","itemListElement":[{"@type":"ListItem","position":1,"name":"Home","item":"http:\/\/www.ccidj.ro\/site\/"},{"@type":"ListItem","position":2,"name":"Mesajul Pre\u0219edintelui"}]},{"@type":"WebSite","@id":"http:\/\/www.ccidj.ro\/site\/#website","url":"http:\/\/www.ccidj.ro\/site\/","name":"","description":"","potentialAction":[{"@type":"SearchAction","target":{"@type":"EntryPoint","urlTemplate":"http:\/\/www.ccidj.ro\/site\/?s={search_term_string}"},"query-input":"required name=search_term_string"}],"inLanguage":"ro-RO"}]}},"_links":{"self":[{"href":"http:\/\/www.ccidj.ro\/site\/wp-json\/wp\/v2\/pages\/4600"}],"collection":[{"href":"http:\/\/www.ccidj.ro\/site\/wp-json\/wp\/v2\/pages"}],"about":[{"href":"http:\/\/www.ccidj.ro\/site\/wp-json\/wp\/v2\/types\/page"}],"author":[{"embeddable":true,"href":"http:\/\/www.ccidj.ro\/site\/wp-json\/wp\/v2\/users\/5"}],"replies":[{"embeddable":true,"href":"http:\/\/www.ccidj.ro\/site\/wp-json\/wp\/v2\/comments?post=4600"}],"version-history":[{"count":2,"href":"http:\/\/www.ccidj.ro\/site\/wp-json\/wp\/v2\/pages\/4600\/revisions"}],"predecessor-version":[{"id":4632,"href":"http:\/\/www.ccidj.ro\/site\/wp-json\/wp\/v2\/pages\/4600\/revisions\/4632"}],"wp:attachment":[{"href":"http:\/\/www.ccidj.ro\/site\/wp-json\/wp\/v2\/media?parent=4600"}],"curies":[{"name":"wp","href":"https:\/\/api.w.org\/{rel}","templated":true}]}}