{"id":6288,"date":"2024-09-16T14:38:44","date_gmt":"2024-09-16T11:38:44","guid":{"rendered":"https:\/\/www.ccidj.ro\/site\/?page_id=6288"},"modified":"2024-09-16T14:38:45","modified_gmt":"2024-09-16T11:38:45","slug":"participa-la-gala","status":"publish","type":"page","link":"http:\/\/www.ccidj.ro\/site\/topul-firmelor-2024\/participa-la-gala\/","title":{"rendered":"Particip\u0103 la Gal\u0103"},"content":{"rendered":"\n<p><strong>\u00censcrierea la Gala Topului Firmelor din jude\u021bul Dolj 2024 se poate face \u00eencep\u00e2nd cu data de 12 septembrie 2024.<\/strong><\/p>\n\n\n\n<p>Completarea formularului de inregistrare este obligatorie. Participarea este posibil\u0103 doar \u00een baza confirm\u0103rii primite de la organizator.<\/p>\n\n\n\n<p>Informa\u0163ii, detalii:<\/p>\n\n\n\n<p><strong>Departament Topul Firmelor<\/strong><\/p>\n\n\n\n<p><strong>Marinela Dr\u0103gan<\/strong><br>Tel.: +40251.418.876<br>&nbsp;E-mail:&nbsp;<a href=\"mailto:marinela.dragan@ccidj.ro\">marinela.dragan@ccidj.ro<\/a>, office@ccidj.ro<\/p>\n\n\n\n<p>Adresa: Camera de Comer\u0163 \u015fi Industrie Dolj, Craiova, str. Simion B\u0103rnu\u021biu nr. 4, jud. Dolj<\/p>\n","protected":false},"excerpt":{"rendered":"<p>\u00censcrierea la Gala Topului Firmelor din jude\u021bul Dolj 2024 se poate face \u00eencep\u00e2nd cu data de 12 septembrie 2024. Completarea formularului de inregistrare este obligatorie. Participarea este posibil\u0103 doar \u00een baza confirm\u0103rii primite de la organizator. Informa\u0163ii, detalii: Departament Topul Firmelor Marinela Dr\u0103ganTel.: +40251.418.876&nbsp;E-mail:&nbsp;marinela.dragan@ccidj.ro, office@ccidj.ro Adresa: Camera de Comer\u0163 \u015fi Industrie Dolj, Craiova, str. Simion [&hellip;]<\/p>\n","protected":false},"author":5,"featured_media":0,"parent":6282,"menu_order":0,"comment_status":"closed","ping_status":"closed","template":"","meta":{"ngg_post_thumbnail":0,"footnotes":""},"yoast_head":"<!-- This site is optimized with the Yoast SEO plugin v21.9 - https:\/\/yoast.com\/wordpress\/plugins\/seo\/ -->\n<title>Particip\u0103 la Gal\u0103 -<\/title>\n<meta name=\"robots\" content=\"index, follow, max-snippet:-1, max-image-preview:large, max-video-preview:-1\" \/>\n<link rel=\"canonical\" href=\"http:\/\/www.ccidj.ro\/site\/topul-firmelor-2024\/participa-la-gala\/\" \/>\n<meta property=\"og:locale\" content=\"ro_RO\" \/>\n<meta property=\"og:type\" content=\"article\" \/>\n<meta property=\"og:title\" content=\"Particip\u0103 la Gal\u0103 -\" \/>\n<meta property=\"og:description\" content=\"\u00censcrierea la Gala Topului Firmelor din jude\u021bul Dolj 2024 se poate face \u00eencep\u00e2nd cu data de 12 septembrie 2024. Completarea formularului de inregistrare este obligatorie. Participarea este posibil\u0103 doar \u00een baza confirm\u0103rii primite de la organizator. Informa\u0163ii, detalii: Departament Topul Firmelor Marinela Dr\u0103ganTel.: +40251.418.876&nbsp;E-mail:&nbsp;marinela.dragan@ccidj.ro, office@ccidj.ro Adresa: Camera de Comer\u0163 \u015fi Industrie Dolj, Craiova, str. Simion [&hellip;]\" \/>\n<meta property=\"og:url\" content=\"http:\/\/www.ccidj.ro\/site\/topul-firmelor-2024\/participa-la-gala\/\" \/>\n<meta property=\"article:modified_time\" content=\"2024-09-16T11:38:45+00:00\" \/>\n<meta name=\"twitter:label1\" content=\"Timp estimat pentru citire\" \/>\n\t<meta name=\"twitter:data1\" content=\"1 minut\" \/>\n<script type=\"application\/ld+json\" class=\"yoast-schema-graph\">{\"@context\":\"https:\/\/schema.org\",\"@graph\":[{\"@type\":\"WebPage\",\"@id\":\"http:\/\/www.ccidj.ro\/site\/topul-firmelor-2024\/participa-la-gala\/\",\"url\":\"http:\/\/www.ccidj.ro\/site\/topul-firmelor-2024\/participa-la-gala\/\",\"name\":\"Particip\u0103 la Gal\u0103 -\",\"isPartOf\":{\"@id\":\"https:\/\/www.ccidj.ro\/site\/#website\"},\"datePublished\":\"2024-09-16T11:38:44+00:00\",\"dateModified\":\"2024-09-16T11:38:45+00:00\",\"breadcrumb\":{\"@id\":\"http:\/\/www.ccidj.ro\/site\/topul-firmelor-2024\/participa-la-gala\/#breadcrumb\"},\"inLanguage\":\"ro-RO\",\"potentialAction\":[{\"@type\":\"ReadAction\",\"target\":[\"http:\/\/www.ccidj.ro\/site\/topul-firmelor-2024\/participa-la-gala\/\"]}]},{\"@type\":\"BreadcrumbList\",\"@id\":\"http:\/\/www.ccidj.ro\/site\/topul-firmelor-2024\/participa-la-gala\/#breadcrumb\",\"itemListElement\":[{\"@type\":\"ListItem\",\"position\":1,\"name\":\"Home\",\"item\":\"https:\/\/www.ccidj.ro\/site\/\"},{\"@type\":\"ListItem\",\"position\":2,\"name\":\"Topul Firmelor 2024\",\"item\":\"https:\/\/www.ccidj.ro\/site\/topul-firmelor-2024\/\"},{\"@type\":\"ListItem\",\"position\":3,\"name\":\"Particip\u0103 la Gal\u0103\"}]},{\"@type\":\"WebSite\",\"@id\":\"https:\/\/www.ccidj.ro\/site\/#website\",\"url\":\"https:\/\/www.ccidj.ro\/site\/\",\"name\":\"\",\"description\":\"\",\"potentialAction\":[{\"@type\":\"SearchAction\",\"target\":{\"@type\":\"EntryPoint\",\"urlTemplate\":\"https:\/\/www.ccidj.ro\/site\/?s={search_term_string}\"},\"query-input\":\"required name=search_term_string\"}],\"inLanguage\":\"ro-RO\"}]}<\/script>\n<!-- \/ Yoast SEO plugin. -->","yoast_head_json":{"title":"Particip\u0103 la Gal\u0103 -","robots":{"index":"index","follow":"follow","max-snippet":"max-snippet:-1","max-image-preview":"max-image-preview:large","max-video-preview":"max-video-preview:-1"},"canonical":"http:\/\/www.ccidj.ro\/site\/topul-firmelor-2024\/participa-la-gala\/","og_locale":"ro_RO","og_type":"article","og_title":"Particip\u0103 la Gal\u0103 -","og_description":"\u00censcrierea la Gala Topului Firmelor din jude\u021bul Dolj 2024 se poate face \u00eencep\u00e2nd cu data de 12 septembrie 2024. Completarea formularului de inregistrare este obligatorie. Participarea este posibil\u0103 doar \u00een baza confirm\u0103rii primite de la organizator. Informa\u0163ii, detalii: Departament Topul Firmelor Marinela Dr\u0103ganTel.: +40251.418.876&nbsp;E-mail:&nbsp;marinela.dragan@ccidj.ro, office@ccidj.ro Adresa: Camera de Comer\u0163 \u015fi Industrie Dolj, Craiova, str. Simion [&hellip;]","og_url":"http:\/\/www.ccidj.ro\/site\/topul-firmelor-2024\/participa-la-gala\/","article_modified_time":"2024-09-16T11:38:45+00:00","twitter_misc":{"Timp estimat pentru citire":"1 minut"},"schema":{"@context":"https:\/\/schema.org","@graph":[{"@type":"WebPage","@id":"http:\/\/www.ccidj.ro\/site\/topul-firmelor-2024\/participa-la-gala\/","url":"http:\/\/www.ccidj.ro\/site\/topul-firmelor-2024\/participa-la-gala\/","name":"Particip\u0103 la Gal\u0103 -","isPartOf":{"@id":"https:\/\/www.ccidj.ro\/site\/#website"},"datePublished":"2024-09-16T11:38:44+00:00","dateModified":"2024-09-16T11:38:45+00:00","breadcrumb":{"@id":"http:\/\/www.ccidj.ro\/site\/topul-firmelor-2024\/participa-la-gala\/#breadcrumb"},"inLanguage":"ro-RO","potentialAction":[{"@type":"ReadAction","target":["http:\/\/www.ccidj.ro\/site\/topul-firmelor-2024\/participa-la-gala\/"]}]},{"@type":"BreadcrumbList","@id":"http:\/\/www.ccidj.ro\/site\/topul-firmelor-2024\/participa-la-gala\/#breadcrumb","itemListElement":[{"@type":"ListItem","position":1,"name":"Home","item":"https:\/\/www.ccidj.ro\/site\/"},{"@type":"ListItem","position":2,"name":"Topul Firmelor 2024","item":"https:\/\/www.ccidj.ro\/site\/topul-firmelor-2024\/"},{"@type":"ListItem","position":3,"name":"Particip\u0103 la Gal\u0103"}]},{"@type":"WebSite","@id":"https:\/\/www.ccidj.ro\/site\/#website","url":"https:\/\/www.ccidj.ro\/site\/","name":"","description":"","potentialAction":[{"@type":"SearchAction","target":{"@type":"EntryPoint","urlTemplate":"https:\/\/www.ccidj.ro\/site\/?s={search_term_string}"},"query-input":"required name=search_term_string"}],"inLanguage":"ro-RO"}]}},"_links":{"self":[{"href":"http:\/\/www.ccidj.ro\/site\/wp-json\/wp\/v2\/pages\/6288"}],"collection":[{"href":"http:\/\/www.ccidj.ro\/site\/wp-json\/wp\/v2\/pages"}],"about":[{"href":"http:\/\/www.ccidj.ro\/site\/wp-json\/wp\/v2\/types\/page"}],"author":[{"embeddable":true,"href":"http:\/\/www.ccidj.ro\/site\/wp-json\/wp\/v2\/users\/5"}],"replies":[{"embeddable":true,"href":"http:\/\/www.ccidj.ro\/site\/wp-json\/wp\/v2\/comments?post=6288"}],"version-history":[{"count":1,"href":"http:\/\/www.ccidj.ro\/site\/wp-json\/wp\/v2\/pages\/6288\/revisions"}],"predecessor-version":[{"id":6289,"href":"http:\/\/www.ccidj.ro\/site\/wp-json\/wp\/v2\/pages\/6288\/revisions\/6289"}],"up":[{"embeddable":true,"href":"http:\/\/www.ccidj.ro\/site\/wp-json\/wp\/v2\/pages\/6282"}],"wp:attachment":[{"href":"http:\/\/www.ccidj.ro\/site\/wp-json\/wp\/v2\/media?parent=6288"}],"curies":[{"name":"wp","href":"https:\/\/api.w.org\/{rel}","templated":true}]}}