{"id":6347,"date":"2024-09-17T21:21:48","date_gmt":"2024-09-17T18:21:48","guid":{"rendered":"https:\/\/www.ccidj.ro\/site\/?page_id=6347"},"modified":"2024-09-17T21:21:48","modified_gmt":"2024-09-17T18:21:48","slug":"certificare-de-semnatura","status":"publish","type":"page","link":"http:\/\/www.ccidj.ro\/site\/certificare-de-semnatura\/","title":{"rendered":"Certificare de semn\u0103tur\u0103"},"content":{"rendered":"\n<p>La cererea persoanei juridice interesate, Camera de Comer\u0163 \u015fi Industrie Dolj, \u00een baza Legii nr. 335\/2007 a camerelor de comer\u0163 din Rom\u00e2nia certific\u0103 semn\u0103tura reprezentantului legal al societ\u0103\u0163ii comerciale solicitante, aplicat\u0103 pe documentele emise de acesta.<\/p>\n\n\n\n<p><strong>Important:<\/strong><\/p>\n\n\n\n<ul>\n<li>se pot certifica doar semn\u0103turile emise de reprezentan\u0163ii legali ai societ\u0103\u0163ii solicitante;<\/li>\n\n\n\n<li>se pot certifica semn\u0103turile doar de pe documente originale;<\/li>\n\n\n\n<li>se certific\u0103 semn\u0103tura nu con\u0163inutul documentelor;<\/li>\n\n\n\n<li>nu pot fi certificate semn\u0103turile reprezentan\u0163ilor legali al c\u0103ror mandat a expirat;<\/li>\n\n\n\n<li>nu pot fi eliberate certific\u0103ri de semn\u0103tur\u0103 pentru societ\u0103\u0163ile comerciale radiate, aflate \u00een lichidare sau pentru care a \u00eencetat dreptul de administrare \u00een cadrul procedurii de insolven\u0163\u0103.<\/li>\n<\/ul>\n\n\n\n<p><strong>Documente necesare<\/strong><\/p>\n\n\n\n<p>Pentru ob\u0163inerea certific\u0103rii de semn\u0103tur\u0103, solicitan\u0163ii se vor adresa Direc\u021biei Juridice a CCI Dolj, cu urm\u0103toarele documente:<\/p>\n\n\n\n<p>\u2013 cerere \u2013 formular tip pe care \u00eel desc\u0103rca\u0163i&nbsp;aici:<\/p>\n\n\n\n<div class=\"wp-block-file\"><a id=\"wp-block-file--media-6b83a565-b220-426c-a702-05f3515532f7\" href=\"https:\/\/www.ccidj.ro\/site\/wp-content\/uploads\/Cerere-pentru-certificarea-semnaturii.doc\">Cerere-pentru-certificarea-semnaturii<\/a><a href=\"https:\/\/www.ccidj.ro\/site\/wp-content\/uploads\/Cerere-pentru-certificarea-semnaturii.doc\" class=\"wp-block-file__button wp-element-button\" download aria-describedby=\"wp-block-file--media-6b83a565-b220-426c-a702-05f3515532f7\">Descarc\u0103<\/a><\/div>\n\n\n\n<p>\u2013 documentele pentru care se solicit\u0103 certificarea de semn\u0103tur\u0103 (original + copie certificat\u0103);<\/p>\n\n\n\n<p>\u2013 cartea de identitate\/ buletinul\/pa\u015faportul, dup\u0103 caz, a reprezentantului legal a c\u0103rui semn\u0103tur\u0103 se certific\u0103 (copie);<\/p>\n\n\n\n<p>\u2013 certificatul de \u00eenregistrare \u00een Registrul Comer\u0163ului, copie conform\u0103 cu originalul;<\/p>\n\n\n\n<p>&#8211; \u00eemputernicirea persoanei delegate s\u0103 ob\u0163in\u0103 certificarea de semn\u0103tur\u0103;<\/p>\n\n\n\n<p>\u2013 cartea de identitate\/buletinul\/pa\u015faportul persoanei \u00eemputernicite s\u0103 ob\u0163in\u0103 certificarea de semn\u0103tur\u0103 (copie).<\/p>\n\n\n\n<p><strong>Tarife certificare de semn\u0103tur\u0103 (f\u0103r\u0103 TVA): conform ghid de servicii afi\u0219at pe site<\/strong><\/p>\n\n\n\n<p>Informa\u0163ii, detalii \u015fi consultan\u0163\u0103:<\/p>\n\n\n\n<p><strong>Direc\u0163ia Juridic\u0103<\/strong><\/p>\n\n\n\n<p><strong>Mihaela \u0218erban<\/strong><br>Tel.: +40251.418.876<br>&nbsp;E-mail:&nbsp;<a href=\"mailto:mihaela.serban@ccidj.ro\">mihaela.serban@ccidj.ro<\/a>, office@ccidj.ro<\/p>\n\n\n\n<p>Adresa: Camera de Comer\u0163 \u015fi Industrie Dolj, Craiova, str. Simion B\u0103rnu\u021biu nr. 4, jud. Dolj<\/p>\n","protected":false},"excerpt":{"rendered":"<p>La cererea persoanei juridice interesate, Camera de Comer\u0163 \u015fi Industrie Dolj, \u00een baza Legii nr. 335\/2007 a camerelor de comer\u0163 din Rom\u00e2nia certific\u0103 semn\u0103tura reprezentantului legal al societ\u0103\u0163ii comerciale solicitante, aplicat\u0103 pe documentele emise de acesta. Important: Documente necesare Pentru ob\u0163inerea certific\u0103rii de semn\u0103tur\u0103, solicitan\u0163ii se vor adresa Direc\u021biei Juridice a CCI Dolj, cu urm\u0103toarele [&hellip;]<\/p>\n","protected":false},"author":5,"featured_media":0,"parent":0,"menu_order":0,"comment_status":"closed","ping_status":"closed","template":"","meta":{"ngg_post_thumbnail":0,"footnotes":""},"yoast_head":"<!-- This site is optimized with the Yoast SEO plugin v21.9 - https:\/\/yoast.com\/wordpress\/plugins\/seo\/ -->\n<title>Certificare de semn\u0103tur\u0103 -<\/title>\n<meta name=\"robots\" content=\"index, follow, max-snippet:-1, max-image-preview:large, max-video-preview:-1\" \/>\n<link rel=\"canonical\" href=\"http:\/\/www.ccidj.ro\/site\/certificare-de-semnatura\/\" \/>\n<meta property=\"og:locale\" content=\"ro_RO\" \/>\n<meta property=\"og:type\" content=\"article\" \/>\n<meta property=\"og:title\" content=\"Certificare de semn\u0103tur\u0103 -\" \/>\n<meta property=\"og:description\" content=\"La cererea persoanei juridice interesate, Camera de Comer\u0163 \u015fi Industrie Dolj, \u00een baza Legii nr. 335\/2007 a camerelor de comer\u0163 din Rom\u00e2nia certific\u0103 semn\u0103tura reprezentantului legal al societ\u0103\u0163ii comerciale solicitante, aplicat\u0103 pe documentele emise de acesta. Important: Documente necesare Pentru ob\u0163inerea certific\u0103rii de semn\u0103tur\u0103, solicitan\u0163ii se vor adresa Direc\u021biei Juridice a CCI Dolj, cu urm\u0103toarele [&hellip;]\" \/>\n<meta property=\"og:url\" content=\"http:\/\/www.ccidj.ro\/site\/certificare-de-semnatura\/\" \/>\n<meta name=\"twitter:label1\" content=\"Timp estimat pentru citire\" \/>\n\t<meta name=\"twitter:data1\" content=\"2 minute\" \/>\n<script type=\"application\/ld+json\" class=\"yoast-schema-graph\">{\"@context\":\"https:\/\/schema.org\",\"@graph\":[{\"@type\":\"WebPage\",\"@id\":\"http:\/\/www.ccidj.ro\/site\/certificare-de-semnatura\/\",\"url\":\"http:\/\/www.ccidj.ro\/site\/certificare-de-semnatura\/\",\"name\":\"Certificare de semn\u0103tur\u0103 -\",\"isPartOf\":{\"@id\":\"https:\/\/www.ccidj.ro\/site\/#website\"},\"datePublished\":\"2024-09-17T18:21:48+00:00\",\"dateModified\":\"2024-09-17T18:21:48+00:00\",\"breadcrumb\":{\"@id\":\"http:\/\/www.ccidj.ro\/site\/certificare-de-semnatura\/#breadcrumb\"},\"inLanguage\":\"ro-RO\",\"potentialAction\":[{\"@type\":\"ReadAction\",\"target\":[\"http:\/\/www.ccidj.ro\/site\/certificare-de-semnatura\/\"]}]},{\"@type\":\"BreadcrumbList\",\"@id\":\"http:\/\/www.ccidj.ro\/site\/certificare-de-semnatura\/#breadcrumb\",\"itemListElement\":[{\"@type\":\"ListItem\",\"position\":1,\"name\":\"Home\",\"item\":\"https:\/\/www.ccidj.ro\/site\/\"},{\"@type\":\"ListItem\",\"position\":2,\"name\":\"Certificare de semn\u0103tur\u0103\"}]},{\"@type\":\"WebSite\",\"@id\":\"https:\/\/www.ccidj.ro\/site\/#website\",\"url\":\"https:\/\/www.ccidj.ro\/site\/\",\"name\":\"\",\"description\":\"\",\"potentialAction\":[{\"@type\":\"SearchAction\",\"target\":{\"@type\":\"EntryPoint\",\"urlTemplate\":\"https:\/\/www.ccidj.ro\/site\/?s={search_term_string}\"},\"query-input\":\"required name=search_term_string\"}],\"inLanguage\":\"ro-RO\"}]}<\/script>\n<!-- \/ Yoast SEO plugin. -->","yoast_head_json":{"title":"Certificare de semn\u0103tur\u0103 -","robots":{"index":"index","follow":"follow","max-snippet":"max-snippet:-1","max-image-preview":"max-image-preview:large","max-video-preview":"max-video-preview:-1"},"canonical":"http:\/\/www.ccidj.ro\/site\/certificare-de-semnatura\/","og_locale":"ro_RO","og_type":"article","og_title":"Certificare de semn\u0103tur\u0103 -","og_description":"La cererea persoanei juridice interesate, Camera de Comer\u0163 \u015fi Industrie Dolj, \u00een baza Legii nr. 335\/2007 a camerelor de comer\u0163 din Rom\u00e2nia certific\u0103 semn\u0103tura reprezentantului legal al societ\u0103\u0163ii comerciale solicitante, aplicat\u0103 pe documentele emise de acesta. Important: Documente necesare Pentru ob\u0163inerea certific\u0103rii de semn\u0103tur\u0103, solicitan\u0163ii se vor adresa Direc\u021biei Juridice a CCI Dolj, cu urm\u0103toarele [&hellip;]","og_url":"http:\/\/www.ccidj.ro\/site\/certificare-de-semnatura\/","twitter_misc":{"Timp estimat pentru citire":"2 minute"},"schema":{"@context":"https:\/\/schema.org","@graph":[{"@type":"WebPage","@id":"http:\/\/www.ccidj.ro\/site\/certificare-de-semnatura\/","url":"http:\/\/www.ccidj.ro\/site\/certificare-de-semnatura\/","name":"Certificare de semn\u0103tur\u0103 -","isPartOf":{"@id":"https:\/\/www.ccidj.ro\/site\/#website"},"datePublished":"2024-09-17T18:21:48+00:00","dateModified":"2024-09-17T18:21:48+00:00","breadcrumb":{"@id":"http:\/\/www.ccidj.ro\/site\/certificare-de-semnatura\/#breadcrumb"},"inLanguage":"ro-RO","potentialAction":[{"@type":"ReadAction","target":["http:\/\/www.ccidj.ro\/site\/certificare-de-semnatura\/"]}]},{"@type":"BreadcrumbList","@id":"http:\/\/www.ccidj.ro\/site\/certificare-de-semnatura\/#breadcrumb","itemListElement":[{"@type":"ListItem","position":1,"name":"Home","item":"https:\/\/www.ccidj.ro\/site\/"},{"@type":"ListItem","position":2,"name":"Certificare de semn\u0103tur\u0103"}]},{"@type":"WebSite","@id":"https:\/\/www.ccidj.ro\/site\/#website","url":"https:\/\/www.ccidj.ro\/site\/","name":"","description":"","potentialAction":[{"@type":"SearchAction","target":{"@type":"EntryPoint","urlTemplate":"https:\/\/www.ccidj.ro\/site\/?s={search_term_string}"},"query-input":"required name=search_term_string"}],"inLanguage":"ro-RO"}]}},"_links":{"self":[{"href":"http:\/\/www.ccidj.ro\/site\/wp-json\/wp\/v2\/pages\/6347"}],"collection":[{"href":"http:\/\/www.ccidj.ro\/site\/wp-json\/wp\/v2\/pages"}],"about":[{"href":"http:\/\/www.ccidj.ro\/site\/wp-json\/wp\/v2\/types\/page"}],"author":[{"embeddable":true,"href":"http:\/\/www.ccidj.ro\/site\/wp-json\/wp\/v2\/users\/5"}],"replies":[{"embeddable":true,"href":"http:\/\/www.ccidj.ro\/site\/wp-json\/wp\/v2\/comments?post=6347"}],"version-history":[{"count":1,"href":"http:\/\/www.ccidj.ro\/site\/wp-json\/wp\/v2\/pages\/6347\/revisions"}],"predecessor-version":[{"id":6352,"href":"http:\/\/www.ccidj.ro\/site\/wp-json\/wp\/v2\/pages\/6347\/revisions\/6352"}],"wp:attachment":[{"href":"http:\/\/www.ccidj.ro\/site\/wp-json\/wp\/v2\/media?parent=6347"}],"curies":[{"name":"wp","href":"https:\/\/api.w.org\/{rel}","templated":true}]}}