{"id":4083,"date":"2019-10-14T14:29:37","date_gmt":"2019-10-14T11:29:37","guid":{"rendered":"http:\/\/www.ccidj.ro\/site\/?page_id=4083"},"modified":"2019-12-03T17:14:49","modified_gmt":"2019-12-03T15:14:49","slug":"topul-firmelor-2019","status":"publish","type":"page","link":"https:\/\/www.ccidj.ro\/site\/topul-firmelor-2019\/","title":{"rendered":"Topul Firmelor 2019"},"content":{"rendered":"<p style=\"font-weight: 400;\"><strong>Topul Firmelor 2018 \u2013 un eveniment despre si pentru dumneavoastra<\/strong><\/p>\n<p style=\"font-weight: 400;\"><strong>Camera de Comert si Industrie Dolj multumeste tuturor participantilor la editia a XXVI-a a Galei Topul Firmelor, organizata in data de 28 noiembrie 2019.<\/strong><\/p>\n<p style=\"font-weight: 400;\"><strong>Evenimentul devenit traditie in randul oamenilor de afaceri din dolj, este cu atat mai important pentru CCI Dolj, cu cat am avut alaturi atat companii aflate la debutul activitatii, cat si cu o activitate de pana la 27 ani.<\/strong><\/p>\n<p style=\"font-weight: 400;\"><strong>Pe langa clasamentul obtinut prin aplicarea metodologiei stabilite la nivel national, dorim sa va transmitem inca o data, ca acest eveniment este despre dumneavoastra cei care cu daruire si profesionalism reusiti de multe ori imposibilul, iar pentru acest lucru noi va multumim!!!<\/strong><\/p>\n<p style=\"font-weight: 400;\"><strong>Pe acesta cale dorim sa multumim partenerului principal<\/strong>\u00a0<strong>AL SHEFA FARM SRL \u2013\u00a0 pentru sustinerea acordata\u00a0 al treilea an consecutiv.<\/strong><\/p>\n<p style=\"font-weight: 400;\"><strong>De asemenea, ne-am bucurat de sustinerea si prezenta\u00a0<\/strong><strong>ENGIE Romania S.A.\u00a0<\/strong>in calitate de\u00a0<strong>parterner\u00a0 platinum,<\/strong>\u00a0precum \u015fi\u00a0<strong>partenerilor silver:<\/strong><\/p>\n<ul>\n<li style=\"font-weight: 400;\">PRIMASERV S.R.L.;<\/li>\n<li style=\"font-weight: 400;\">ELPRECO S.A.;<\/li>\n<li style=\"font-weight: 400;\">PROFESSIONAL CONSULTING S.R.L.;<\/li>\n<li style=\"font-weight: 400;\">LEGABRIS PREST S.R.L.;<\/li>\n<li style=\"font-weight: 400;\">INEJ COM S.R.L.;<\/li>\n<li style=\"font-weight: 400;\">STIL MEDIA S.R.L.;<\/li>\n<li style=\"font-weight: 400;\">MENTOR S.R.L.;<\/li>\n<li style=\"font-weight: 400;\">SOCIETATEA PENTRU LUCR\u0102RI DE DRUMURI \u0218I PODURI DOLJ S.A.;<\/li>\n<li style=\"font-weight: 400;\">ANDREI DEXU S.R.L.;<\/li>\n<li style=\"font-weight: 400;\">FONDUL NA\u021aIONAL DE GARANTARE A CREDITELOR PENTRU \u00ceNTREPRINDERILE MICI \u0218I MIJLOCII S.A. \u2013 IFN;<\/li>\n<li style=\"font-weight: 400;\">NEW AGE ADVERTISING AGENCY S.R.L.;<\/li>\n<li style=\"font-weight: 400;\">FOTO MARIA S.R.L.<\/li>\n<\/ul>\n<p style=\"font-weight: 400;\"><strong>Totodata pentru mediatizarea evenimentului, ne-am bucurat de sprijinul\u00a0 profesionist\u00a0 acordat de partenerii media:<\/strong>\u00a0GAZETA DE SUD, TVR CRAIOVA, KISS FM,\u00a0 EVOBRAND S.R.L., CRAIOVA FORUM, AMIRAL MEDIA ADVERTISING CUV\u00c2NTUL LIBERT\u0102\u0162II, OLTENIA TV \u0218I PAGINI NA\u0162IONALE.<\/p>\n<p style=\"font-weight: 400;\"><strong>\u00a0<img loading=\"lazy\" decoding=\"async\" class=\"alignnone  wp-image-4168\" src=\"http:\/\/www.ccidj.ro\/site\/wp-content\/uploads\/image004-1.jpg\" alt=\"\" width=\"496\" height=\"330\" \/>\u00a0\u00a0<img loading=\"lazy\" decoding=\"async\" class=\"alignnone size-full wp-image-4169\" src=\"http:\/\/www.ccidj.ro\/site\/wp-content\/uploads\/image003.png\" alt=\"\" width=\"447\" height=\"331\" \/><\/strong><\/p>\n","protected":false},"excerpt":{"rendered":"<p>Topul Firmelor 2018 \u2013 un eveniment despre si pentru dumneavoastra Camera de Comert si Industrie Dolj multumeste tuturor participantilor la editia a XXVI-a a Galei Topul Firmelor, organizata in data de 28 noiembrie 2019. Evenimentul devenit traditie in randul oamenilor de afaceri din dolj, este cu atat mai important pentru CCI Dolj, cu cat am [&hellip;]<\/p>\n","protected":false},"author":5,"featured_media":3925,"parent":0,"menu_order":0,"comment_status":"closed","ping_status":"closed","template":"","meta":{"ngg_post_thumbnail":0,"footnotes":""},"yoast_head":"<!-- This site is optimized with the Yoast SEO plugin v21.9 - https:\/\/yoast.com\/wordpress\/plugins\/seo\/ -->\n<title>Topul Firmelor 2019 -<\/title>\n<meta name=\"robots\" content=\"index, follow, max-snippet:-1, max-image-preview:large, max-video-preview:-1\" \/>\n<link rel=\"canonical\" href=\"https:\/\/www.ccidj.ro\/site\/topul-firmelor-2019\/\" \/>\n<meta property=\"og:locale\" content=\"ro_RO\" \/>\n<meta property=\"og:type\" content=\"article\" \/>\n<meta property=\"og:title\" content=\"Topul Firmelor 2019 -\" \/>\n<meta property=\"og:description\" content=\"Topul Firmelor 2018 \u2013 un eveniment despre si pentru dumneavoastra Camera de Comert si Industrie Dolj multumeste tuturor participantilor la editia a XXVI-a a Galei Topul Firmelor, organizata in data de 28 noiembrie 2019. Evenimentul devenit traditie in randul oamenilor de afaceri din dolj, este cu atat mai important pentru CCI Dolj, cu cat am [&hellip;]\" \/>\n<meta property=\"og:url\" content=\"https:\/\/www.ccidj.ro\/site\/topul-firmelor-2019\/\" \/>\n<meta property=\"article:modified_time\" content=\"2019-12-03T15:14:49+00:00\" \/>\n<meta property=\"og:image\" content=\"https:\/\/www.ccidj.ro\/site\/wp-content\/uploads\/IMG_7726.jpg\" \/>\n\t<meta property=\"og:image:width\" content=\"1024\" \/>\n\t<meta property=\"og:image:height\" content=\"682\" \/>\n\t<meta property=\"og:image:type\" content=\"image\/jpeg\" \/>\n<meta name=\"twitter:label1\" content=\"Timp estimat pentru citire\" \/>\n\t<meta name=\"twitter:data1\" content=\"1 minut\" \/>\n<script type=\"application\/ld+json\" class=\"yoast-schema-graph\">{\"@context\":\"https:\/\/schema.org\",\"@graph\":[{\"@type\":\"WebPage\",\"@id\":\"https:\/\/www.ccidj.ro\/site\/topul-firmelor-2019\/\",\"url\":\"https:\/\/www.ccidj.ro\/site\/topul-firmelor-2019\/\",\"name\":\"Topul Firmelor 2019 -\",\"isPartOf\":{\"@id\":\"https:\/\/www.ccidj.ro\/site\/#website\"},\"datePublished\":\"2019-10-14T11:29:37+00:00\",\"dateModified\":\"2019-12-03T15:14:49+00:00\",\"breadcrumb\":{\"@id\":\"https:\/\/www.ccidj.ro\/site\/topul-firmelor-2019\/#breadcrumb\"},\"inLanguage\":\"ro-RO\",\"potentialAction\":[{\"@type\":\"ReadAction\",\"target\":[\"https:\/\/www.ccidj.ro\/site\/topul-firmelor-2019\/\"]}]},{\"@type\":\"BreadcrumbList\",\"@id\":\"https:\/\/www.ccidj.ro\/site\/topul-firmelor-2019\/#breadcrumb\",\"itemListElement\":[{\"@type\":\"ListItem\",\"position\":1,\"name\":\"Home\",\"item\":\"https:\/\/www.ccidj.ro\/site\/\"},{\"@type\":\"ListItem\",\"position\":2,\"name\":\"Topul Firmelor 2019\"}]},{\"@type\":\"WebSite\",\"@id\":\"https:\/\/www.ccidj.ro\/site\/#website\",\"url\":\"https:\/\/www.ccidj.ro\/site\/\",\"name\":\"\",\"description\":\"\",\"potentialAction\":[{\"@type\":\"SearchAction\",\"target\":{\"@type\":\"EntryPoint\",\"urlTemplate\":\"https:\/\/www.ccidj.ro\/site\/?s={search_term_string}\"},\"query-input\":\"required name=search_term_string\"}],\"inLanguage\":\"ro-RO\"}]}<\/script>\n<!-- \/ Yoast SEO plugin. -->","yoast_head_json":{"title":"Topul Firmelor 2019 -","robots":{"index":"index","follow":"follow","max-snippet":"max-snippet:-1","max-image-preview":"max-image-preview:large","max-video-preview":"max-video-preview:-1"},"canonical":"https:\/\/www.ccidj.ro\/site\/topul-firmelor-2019\/","og_locale":"ro_RO","og_type":"article","og_title":"Topul Firmelor 2019 -","og_description":"Topul Firmelor 2018 \u2013 un eveniment despre si pentru dumneavoastra Camera de Comert si Industrie Dolj multumeste tuturor participantilor la editia a XXVI-a a Galei Topul Firmelor, organizata in data de 28 noiembrie 2019. Evenimentul devenit traditie in randul oamenilor de afaceri din dolj, este cu atat mai important pentru CCI Dolj, cu cat am [&hellip;]","og_url":"https:\/\/www.ccidj.ro\/site\/topul-firmelor-2019\/","article_modified_time":"2019-12-03T15:14:49+00:00","og_image":[{"width":1024,"height":682,"url":"https:\/\/www.ccidj.ro\/site\/wp-content\/uploads\/IMG_7726.jpg","type":"image\/jpeg"}],"twitter_misc":{"Timp estimat pentru citire":"1 minut"},"schema":{"@context":"https:\/\/schema.org","@graph":[{"@type":"WebPage","@id":"https:\/\/www.ccidj.ro\/site\/topul-firmelor-2019\/","url":"https:\/\/www.ccidj.ro\/site\/topul-firmelor-2019\/","name":"Topul Firmelor 2019 -","isPartOf":{"@id":"https:\/\/www.ccidj.ro\/site\/#website"},"datePublished":"2019-10-14T11:29:37+00:00","dateModified":"2019-12-03T15:14:49+00:00","breadcrumb":{"@id":"https:\/\/www.ccidj.ro\/site\/topul-firmelor-2019\/#breadcrumb"},"inLanguage":"ro-RO","potentialAction":[{"@type":"ReadAction","target":["https:\/\/www.ccidj.ro\/site\/topul-firmelor-2019\/"]}]},{"@type":"BreadcrumbList","@id":"https:\/\/www.ccidj.ro\/site\/topul-firmelor-2019\/#breadcrumb","itemListElement":[{"@type":"ListItem","position":1,"name":"Home","item":"https:\/\/www.ccidj.ro\/site\/"},{"@type":"ListItem","position":2,"name":"Topul Firmelor 2019"}]},{"@type":"WebSite","@id":"https:\/\/www.ccidj.ro\/site\/#website","url":"https:\/\/www.ccidj.ro\/site\/","name":"","description":"","potentialAction":[{"@type":"SearchAction","target":{"@type":"EntryPoint","urlTemplate":"https:\/\/www.ccidj.ro\/site\/?s={search_term_string}"},"query-input":"required name=search_term_string"}],"inLanguage":"ro-RO"}]}},"_links":{"self":[{"href":"https:\/\/www.ccidj.ro\/site\/wp-json\/wp\/v2\/pages\/4083"}],"collection":[{"href":"https:\/\/www.ccidj.ro\/site\/wp-json\/wp\/v2\/pages"}],"about":[{"href":"https:\/\/www.ccidj.ro\/site\/wp-json\/wp\/v2\/types\/page"}],"author":[{"embeddable":true,"href":"https:\/\/www.ccidj.ro\/site\/wp-json\/wp\/v2\/users\/5"}],"replies":[{"embeddable":true,"href":"https:\/\/www.ccidj.ro\/site\/wp-json\/wp\/v2\/comments?post=4083"}],"version-history":[{"count":7,"href":"https:\/\/www.ccidj.ro\/site\/wp-json\/wp\/v2\/pages\/4083\/revisions"}],"predecessor-version":[{"id":4174,"href":"https:\/\/www.ccidj.ro\/site\/wp-json\/wp\/v2\/pages\/4083\/revisions\/4174"}],"wp:featuredmedia":[{"embeddable":true,"href":"https:\/\/www.ccidj.ro\/site\/wp-json\/wp\/v2\/media\/3925"}],"wp:attachment":[{"href":"https:\/\/www.ccidj.ro\/site\/wp-json\/wp\/v2\/media?parent=4083"}],"curies":[{"name":"wp","href":"https:\/\/api.w.org\/{rel}","templated":true}]}}