{"id":6320,"date":"2024-09-17T21:04:14","date_gmt":"2024-09-17T18:04:14","guid":{"rendered":"https:\/\/www.ccidj.ro\/site\/?page_id=6320"},"modified":"2025-04-08T17:50:27","modified_gmt":"2025-04-08T14:50:27","slug":"organizatie-conducere","status":"publish","type":"page","link":"https:\/\/www.ccidj.ro\/site\/organizatie-conducere\/","title":{"rendered":"Organiza\u021bie \u2013 Conducere"},"content":{"rendered":"\n<h3 class=\"wp-block-heading has-text-align-center\"><strong>PRE\u015eEDINTE<\/strong><\/h3>\n\n\n\n<p class=\"has-text-align-center\"><strong>George Mo\u021b\u0103\u021b\u0103ianu<\/strong><br>EXPOOLTENIA SRL<\/p>\n\n\n\n<div style=\"height:50px\" aria-hidden=\"true\" class=\"wp-block-spacer\"><\/div>\n\n\n\n<h3 class=\"wp-block-heading has-text-align-center\"><strong>VICEPRE\u015eEDINTE<\/strong><\/h3>\n\n\n\n<p class=\"has-text-align-center\"><strong>Mihaela M\u0103nescu<\/strong><br>MENTOR SRL<\/p>\n\n\n\n<div style=\"height:50px\" aria-hidden=\"true\" class=\"wp-block-spacer\"><\/div>\n\n\n\n<h3 class=\"wp-block-heading has-text-align-center\"><strong>COLEGIUL DE CONDUCERE<\/strong><\/h3>\n\n\n\n<p><strong>EXPOOLTENIA SRL<\/strong> <strong>&#8211; George Mo\u021b\u0103\u021b\u0103ianu, pre\u0219edinte<\/strong><\/p>\n\n\n\n<p><strong>MENTOR SRL\u00a0&#8211; M\u0103nescu Mihaela, vicepre\u0219edinte<\/strong><\/p>\n\n\n\n<p><strong>AL SHEFA FARM SRL\u00a0&#8211; \u021a\u00eercomnicu Viorela, membru<\/strong><\/p>\n\n\n\n<p><strong>ALM POWER GROUP SRL &#8211; Marinescu Sofi Sabin, membru<\/strong><\/p>\n\n\n\n<p><strong>EVICONT SRL\u00a0&#8211; Popescu Cornelia, membru<\/strong><\/p>\n\n\n\n<p><strong>LEGABRIS PREST SRL\u00a0&#8211; Florescu Gabriel, membru<\/strong><\/p>\n\n\n\n<p><strong>PRIMASERV SRL\u00a0\u00a0&#8211; Alboiu Oana, membru<\/strong><\/p>\n\n\n\n<p><strong>REDAC SRL\u00a0\u00a0\u00a0&#8211; Sc\u0103rl\u0103tescu Luiza, membru<\/strong><\/p>\n\n\n\n<p><strong>RESTAURANT BACOLUX SRL \u00a0&#8211; B\u0103z\u0103van Marian, membru <\/strong><\/p>\n\n\n\n<p><strong>STIL MEDIA SRL \u00a0&#8211; Buc\u0103 Ionel, membru<\/strong><\/p>\n\n\n\n<p><strong>VL\u0102DU\u021a GABRIEL C\u0102T\u0102LIN, IPA SA Bucure\u0219ti, Sucursala IP-CIFATT Craiova, membru de drept<\/strong><strong> <\/strong><strong><\/strong><\/p>\n","protected":false},"excerpt":{"rendered":"<p>PRE\u015eEDINTE George Mo\u021b\u0103\u021b\u0103ianuEXPOOLTENIA SRL VICEPRE\u015eEDINTE Mihaela M\u0103nescuMENTOR SRL COLEGIUL DE CONDUCERE EXPOOLTENIA SRL &#8211; George Mo\u021b\u0103\u021b\u0103ianu, pre\u0219edinte MENTOR SRL\u00a0&#8211; M\u0103nescu Mihaela, vicepre\u0219edinte AL SHEFA FARM SRL\u00a0&#8211; \u021a\u00eercomnicu Viorela, membru ALM POWER GROUP SRL &#8211; Marinescu Sofi Sabin, membru EVICONT SRL\u00a0&#8211; Popescu Cornelia, membru LEGABRIS PREST SRL\u00a0&#8211; Florescu Gabriel, membru PRIMASERV SRL\u00a0\u00a0&#8211; Alboiu Oana, membru REDAC [&hellip;]<\/p>\n","protected":false},"author":5,"featured_media":0,"parent":0,"menu_order":0,"comment_status":"closed","ping_status":"closed","template":"","meta":{"ngg_post_thumbnail":0,"footnotes":""},"yoast_head":"<!-- This site is optimized with the Yoast SEO plugin v21.9 - https:\/\/yoast.com\/wordpress\/plugins\/seo\/ -->\n<title>Organiza\u021bie \u2013 Conducere -<\/title>\n<meta name=\"robots\" content=\"index, follow, max-snippet:-1, max-image-preview:large, max-video-preview:-1\" \/>\n<link rel=\"canonical\" href=\"https:\/\/www.ccidj.ro\/site\/organizatie-conducere\/\" \/>\n<meta property=\"og:locale\" content=\"ro_RO\" \/>\n<meta property=\"og:type\" content=\"article\" \/>\n<meta property=\"og:title\" content=\"Organiza\u021bie \u2013 Conducere -\" \/>\n<meta property=\"og:description\" content=\"PRE\u015eEDINTE George Mo\u021b\u0103\u021b\u0103ianuEXPOOLTENIA SRL VICEPRE\u015eEDINTE Mihaela M\u0103nescuMENTOR SRL COLEGIUL DE CONDUCERE EXPOOLTENIA SRL &#8211; George Mo\u021b\u0103\u021b\u0103ianu, pre\u0219edinte MENTOR SRL\u00a0&#8211; M\u0103nescu Mihaela, vicepre\u0219edinte AL SHEFA FARM SRL\u00a0&#8211; \u021a\u00eercomnicu Viorela, membru ALM POWER GROUP SRL &#8211; Marinescu Sofi Sabin, membru EVICONT SRL\u00a0&#8211; Popescu Cornelia, membru LEGABRIS PREST SRL\u00a0&#8211; Florescu Gabriel, membru PRIMASERV SRL\u00a0\u00a0&#8211; Alboiu Oana, membru REDAC [&hellip;]\" \/>\n<meta property=\"og:url\" content=\"https:\/\/www.ccidj.ro\/site\/organizatie-conducere\/\" \/>\n<meta property=\"article:modified_time\" content=\"2025-04-08T14:50:27+00:00\" \/>\n<meta name=\"twitter:label1\" content=\"Timp estimat pentru citire\" \/>\n\t<meta name=\"twitter:data1\" content=\"1 minut\" \/>\n<script type=\"application\/ld+json\" class=\"yoast-schema-graph\">{\"@context\":\"https:\/\/schema.org\",\"@graph\":[{\"@type\":\"WebPage\",\"@id\":\"https:\/\/www.ccidj.ro\/site\/organizatie-conducere\/\",\"url\":\"https:\/\/www.ccidj.ro\/site\/organizatie-conducere\/\",\"name\":\"Organiza\u021bie \u2013 Conducere -\",\"isPartOf\":{\"@id\":\"https:\/\/www.ccidj.ro\/site\/#website\"},\"datePublished\":\"2024-09-17T18:04:14+00:00\",\"dateModified\":\"2025-04-08T14:50:27+00:00\",\"breadcrumb\":{\"@id\":\"https:\/\/www.ccidj.ro\/site\/organizatie-conducere\/#breadcrumb\"},\"inLanguage\":\"ro-RO\",\"potentialAction\":[{\"@type\":\"ReadAction\",\"target\":[\"https:\/\/www.ccidj.ro\/site\/organizatie-conducere\/\"]}]},{\"@type\":\"BreadcrumbList\",\"@id\":\"https:\/\/www.ccidj.ro\/site\/organizatie-conducere\/#breadcrumb\",\"itemListElement\":[{\"@type\":\"ListItem\",\"position\":1,\"name\":\"Home\",\"item\":\"https:\/\/www.ccidj.ro\/site\/\"},{\"@type\":\"ListItem\",\"position\":2,\"name\":\"Organiza\u021bie \u2013 Conducere\"}]},{\"@type\":\"WebSite\",\"@id\":\"https:\/\/www.ccidj.ro\/site\/#website\",\"url\":\"https:\/\/www.ccidj.ro\/site\/\",\"name\":\"\",\"description\":\"\",\"potentialAction\":[{\"@type\":\"SearchAction\",\"target\":{\"@type\":\"EntryPoint\",\"urlTemplate\":\"https:\/\/www.ccidj.ro\/site\/?s={search_term_string}\"},\"query-input\":\"required name=search_term_string\"}],\"inLanguage\":\"ro-RO\"}]}<\/script>\n<!-- \/ Yoast SEO plugin. -->","yoast_head_json":{"title":"Organiza\u021bie \u2013 Conducere -","robots":{"index":"index","follow":"follow","max-snippet":"max-snippet:-1","max-image-preview":"max-image-preview:large","max-video-preview":"max-video-preview:-1"},"canonical":"https:\/\/www.ccidj.ro\/site\/organizatie-conducere\/","og_locale":"ro_RO","og_type":"article","og_title":"Organiza\u021bie \u2013 Conducere -","og_description":"PRE\u015eEDINTE George Mo\u021b\u0103\u021b\u0103ianuEXPOOLTENIA SRL VICEPRE\u015eEDINTE Mihaela M\u0103nescuMENTOR SRL COLEGIUL DE CONDUCERE EXPOOLTENIA SRL &#8211; George Mo\u021b\u0103\u021b\u0103ianu, pre\u0219edinte MENTOR SRL\u00a0&#8211; M\u0103nescu Mihaela, vicepre\u0219edinte AL SHEFA FARM SRL\u00a0&#8211; \u021a\u00eercomnicu Viorela, membru ALM POWER GROUP SRL &#8211; Marinescu Sofi Sabin, membru EVICONT SRL\u00a0&#8211; Popescu Cornelia, membru LEGABRIS PREST SRL\u00a0&#8211; Florescu Gabriel, membru PRIMASERV SRL\u00a0\u00a0&#8211; Alboiu Oana, membru REDAC [&hellip;]","og_url":"https:\/\/www.ccidj.ro\/site\/organizatie-conducere\/","article_modified_time":"2025-04-08T14:50:27+00:00","twitter_misc":{"Timp estimat pentru citire":"1 minut"},"schema":{"@context":"https:\/\/schema.org","@graph":[{"@type":"WebPage","@id":"https:\/\/www.ccidj.ro\/site\/organizatie-conducere\/","url":"https:\/\/www.ccidj.ro\/site\/organizatie-conducere\/","name":"Organiza\u021bie \u2013 Conducere -","isPartOf":{"@id":"https:\/\/www.ccidj.ro\/site\/#website"},"datePublished":"2024-09-17T18:04:14+00:00","dateModified":"2025-04-08T14:50:27+00:00","breadcrumb":{"@id":"https:\/\/www.ccidj.ro\/site\/organizatie-conducere\/#breadcrumb"},"inLanguage":"ro-RO","potentialAction":[{"@type":"ReadAction","target":["https:\/\/www.ccidj.ro\/site\/organizatie-conducere\/"]}]},{"@type":"BreadcrumbList","@id":"https:\/\/www.ccidj.ro\/site\/organizatie-conducere\/#breadcrumb","itemListElement":[{"@type":"ListItem","position":1,"name":"Home","item":"https:\/\/www.ccidj.ro\/site\/"},{"@type":"ListItem","position":2,"name":"Organiza\u021bie \u2013 Conducere"}]},{"@type":"WebSite","@id":"https:\/\/www.ccidj.ro\/site\/#website","url":"https:\/\/www.ccidj.ro\/site\/","name":"","description":"","potentialAction":[{"@type":"SearchAction","target":{"@type":"EntryPoint","urlTemplate":"https:\/\/www.ccidj.ro\/site\/?s={search_term_string}"},"query-input":"required name=search_term_string"}],"inLanguage":"ro-RO"}]}},"_links":{"self":[{"href":"https:\/\/www.ccidj.ro\/site\/wp-json\/wp\/v2\/pages\/6320"}],"collection":[{"href":"https:\/\/www.ccidj.ro\/site\/wp-json\/wp\/v2\/pages"}],"about":[{"href":"https:\/\/www.ccidj.ro\/site\/wp-json\/wp\/v2\/types\/page"}],"author":[{"embeddable":true,"href":"https:\/\/www.ccidj.ro\/site\/wp-json\/wp\/v2\/users\/5"}],"replies":[{"embeddable":true,"href":"https:\/\/www.ccidj.ro\/site\/wp-json\/wp\/v2\/comments?post=6320"}],"version-history":[{"count":4,"href":"https:\/\/www.ccidj.ro\/site\/wp-json\/wp\/v2\/pages\/6320\/revisions"}],"predecessor-version":[{"id":7075,"href":"https:\/\/www.ccidj.ro\/site\/wp-json\/wp\/v2\/pages\/6320\/revisions\/7075"}],"wp:attachment":[{"href":"https:\/\/www.ccidj.ro\/site\/wp-json\/wp\/v2\/media?parent=6320"}],"curies":[{"name":"wp","href":"https:\/\/api.w.org\/{rel}","templated":true}]}}