{"id":6371,"date":"2024-09-17T21:28:33","date_gmt":"2024-09-17T18:28:33","guid":{"rendered":"https:\/\/www.ccidj.ro\/site\/?page_id=6371"},"modified":"2024-09-17T21:28:34","modified_gmt":"2024-09-17T18:28:34","slug":"semnatura-electronica","status":"publish","type":"page","link":"https:\/\/www.ccidj.ro\/site\/semnatura-electronica\/","title":{"rendered":"Semn\u0103tur\u0103 electronic\u0103"},"content":{"rendered":"\n<p><strong>Camera de Comert si Industrie a judetului Dolj, in calitate de agent al operatorului Camera de Comer\u0163 \u015fi Industrie a Rom\u00e2niei &#8211;<\/strong>&nbsp;partener de \u00eencredere&nbsp;<strong>AlfaTrust Certification S.A.,<\/strong>&nbsp;vine \u00een \u00eent\u00e2mpinarea companiilor cu o serie de&nbsp;<strong>servicii electronice de certificare,&nbsp;<\/strong>acreditate conform cerin\u021belor Regulamentului eIDAS (910\/2014) \u0219i in conformitate cu prevederile legale din Rom\u00e2nia \u2013 Legea 455\/2001, ca urmare a Ordinului oferit de Autoritatea de Digitalizare a Rom\u00e2niei (ADR) cu nr. 577 \/ 29.10.2020.<\/p>\n\n\n\n<p><strong>Semn\u0103tura electronica<\/strong>&nbsp;este nu numai necesar\u0103, ci \u0219i indispensabil\u0103 mediului de afaceri actual, \u021bin\u00e2nd cont c\u0103 semn\u0103tura electronic\u0103 calificat\u0103, creat\u0103 cu un certificat digital calificat, are aceea\u0219i valoare ca \u0219i semn\u0103tura olograf\u0103, aceasta oferind valoare legala oric\u0103rui document electronic. Astfel, companiile pot renun\u021ba total sau par\u021bial la documentele tip\u0103rite (se reduc astfel substan\u021bial cheltuielile cu imprimarea, curieratul, arhivistica, consumabilele, etc).<\/p>\n\n\n\n<p><strong>Certificatul Digital Calificat<\/strong>&nbsp;asigur\u0103 integritate, confiden\u021bialitate, non-repudiere \u0219i autenticitate&nbsp; documentelor transmise electronic, permi\u021b\u00e2nd identificarea utilizatorilor f\u0103r\u0103 echivoc \u00een mediul virtual.<\/p>\n\n\n\n<p><strong>Semn\u0103tura electronic\u0103 calificat\u0103&nbsp;<\/strong>creat\u0103 cu un&nbsp;<strong>Certificat Digital Calificat<\/strong>&nbsp;are o vast\u0103 utilizare \u00een&nbsp;<strong>rela\u021bia cu autorit\u0103\u021bile \u0219i nu numai, ca de exemplu:<\/strong><\/p>\n\n\n\n<ul>\n<li>\u00een rela\u021biile cu Institu\u021biile de Stat \u2013 Agen\u021bia Na\u021bional\u0103 de Administrare Fiscal\u0103 (<strong>ANAF<\/strong>);<\/li>\n\n\n\n<li><strong>FOREXEBUG \u2013 Trezorerie;<\/strong><\/li>\n\n\n\n<li>Comisia Na\u021bional\u0103 a Valorilor Mobiliare (<strong>CNVM<\/strong>);<\/li>\n\n\n\n<li>Monitorul Oficial;<\/li>\n\n\n\n<li>Inspectoratul Teritorial de Munc\u0103 (<strong>ITM<\/strong>);<\/li>\n\n\n\n<li>Oficiul Na\u021bional al Registrului Comer\u021bului (<strong>ONRC<\/strong>);<\/li>\n\n\n\n<li>Decont\u0103rile c\u0103tre Casa Na\u021bional\u0103 a Asigur\u0103rilor de S\u0103n\u0103tate (<strong>CNAS<\/strong>);<\/li>\n\n\n\n<li>Re\u021beta electronic\u0103 certificat\u0103 pentru&nbsp;<strong>CNAS<\/strong>;<\/li>\n\n\n\n<li>Depunerea \u0219i semnarea electronic\u0103 a documentelor solicitate de Autorit\u0103\u0163ile Contractante din cadrul Sistemului Electronic de Achizi\u021bii Publice (<strong>SEAP\/SICAP<\/strong>);<\/li>\n\n\n\n<li>Transmiterea raport\u0103rilor c\u0103tre Comisia de Supraveghere a Sistemului de Pensii Private;<\/li>\n\n\n\n<li>Depunerea documentelor pentru Fonduri Europene;<\/li>\n\n\n\n<li>Depunere declara\u021bii la Fondul de Mediu.<\/li>\n\n\n\n<li>Pentru semnarea oric\u0103ror alte documente care \u00een mod tradi\u021bional sunt semnate olograf \u0219i transmise\/depuse fizic.<\/li>\n<\/ul>\n\n\n\n<div data-wp-interactive=\"\" class=\"wp-block-file\"><object data-wp-bind--hidden=\"!selectors.core.file.hasPdfPreview\" hidden class=\"wp-block-file__embed\" data=\"https:\/\/www.ccidj.ro\/site\/wp-content\/uploads\/Semnatura-electonica-tarife.pdf\" type=\"application\/pdf\" style=\"width:100%;height:1110px\" aria-label=\"\u00cenglobare pentru Semnatura-electonica-tarife.\"><\/object><a id=\"wp-block-file--media-d2ecd06e-3592-47a6-b8f6-0d1c9288081a\" href=\"https:\/\/www.ccidj.ro\/site\/wp-content\/uploads\/Semnatura-electonica-tarife.pdf\">Semnatura-electonica-tarife<\/a><a href=\"https:\/\/www.ccidj.ro\/site\/wp-content\/uploads\/Semnatura-electonica-tarife.pdf\" class=\"wp-block-file__button wp-element-button\" download aria-describedby=\"wp-block-file--media-d2ecd06e-3592-47a6-b8f6-0d1c9288081a\">Descarc\u0103<\/a><\/div>\n","protected":false},"excerpt":{"rendered":"<p>Camera de Comert si Industrie a judetului Dolj, in calitate de agent al operatorului Camera de Comer\u0163 \u015fi Industrie a Rom\u00e2niei &#8211;&nbsp;partener de \u00eencredere&nbsp;AlfaTrust Certification S.A.,&nbsp;vine \u00een \u00eent\u00e2mpinarea companiilor cu o serie de&nbsp;servicii electronice de certificare,&nbsp;acreditate conform cerin\u021belor Regulamentului eIDAS (910\/2014) \u0219i in conformitate cu prevederile legale din Rom\u00e2nia \u2013 Legea 455\/2001, ca urmare a [&hellip;]<\/p>\n","protected":false},"author":5,"featured_media":0,"parent":0,"menu_order":0,"comment_status":"closed","ping_status":"closed","template":"","meta":{"ngg_post_thumbnail":0,"footnotes":""},"yoast_head":"<!-- This site is optimized with the Yoast SEO plugin v21.9 - https:\/\/yoast.com\/wordpress\/plugins\/seo\/ -->\n<title>Semn\u0103tur\u0103 electronic\u0103 -<\/title>\n<meta name=\"robots\" content=\"index, follow, max-snippet:-1, max-image-preview:large, max-video-preview:-1\" \/>\n<link rel=\"canonical\" href=\"https:\/\/www.ccidj.ro\/site\/semnatura-electronica\/\" \/>\n<meta property=\"og:locale\" content=\"ro_RO\" \/>\n<meta property=\"og:type\" content=\"article\" \/>\n<meta property=\"og:title\" content=\"Semn\u0103tur\u0103 electronic\u0103 -\" \/>\n<meta property=\"og:description\" content=\"Camera de Comert si Industrie a judetului Dolj, in calitate de agent al operatorului Camera de Comer\u0163 \u015fi Industrie a Rom\u00e2niei &#8211;&nbsp;partener de \u00eencredere&nbsp;AlfaTrust Certification S.A.,&nbsp;vine \u00een \u00eent\u00e2mpinarea companiilor cu o serie de&nbsp;servicii electronice de certificare,&nbsp;acreditate conform cerin\u021belor Regulamentului eIDAS (910\/2014) \u0219i in conformitate cu prevederile legale din Rom\u00e2nia \u2013 Legea 455\/2001, ca urmare a [&hellip;]\" \/>\n<meta property=\"og:url\" content=\"https:\/\/www.ccidj.ro\/site\/semnatura-electronica\/\" \/>\n<meta property=\"article:modified_time\" content=\"2024-09-17T18:28:34+00:00\" \/>\n<meta name=\"twitter:label1\" content=\"Timp estimat pentru citire\" \/>\n\t<meta name=\"twitter:data1\" content=\"2 minute\" \/>\n<script type=\"application\/ld+json\" class=\"yoast-schema-graph\">{\"@context\":\"https:\/\/schema.org\",\"@graph\":[{\"@type\":\"WebPage\",\"@id\":\"https:\/\/www.ccidj.ro\/site\/semnatura-electronica\/\",\"url\":\"https:\/\/www.ccidj.ro\/site\/semnatura-electronica\/\",\"name\":\"Semn\u0103tur\u0103 electronic\u0103 -\",\"isPartOf\":{\"@id\":\"https:\/\/www.ccidj.ro\/site\/#website\"},\"datePublished\":\"2024-09-17T18:28:33+00:00\",\"dateModified\":\"2024-09-17T18:28:34+00:00\",\"breadcrumb\":{\"@id\":\"https:\/\/www.ccidj.ro\/site\/semnatura-electronica\/#breadcrumb\"},\"inLanguage\":\"ro-RO\",\"potentialAction\":[{\"@type\":\"ReadAction\",\"target\":[\"https:\/\/www.ccidj.ro\/site\/semnatura-electronica\/\"]}]},{\"@type\":\"BreadcrumbList\",\"@id\":\"https:\/\/www.ccidj.ro\/site\/semnatura-electronica\/#breadcrumb\",\"itemListElement\":[{\"@type\":\"ListItem\",\"position\":1,\"name\":\"Home\",\"item\":\"https:\/\/www.ccidj.ro\/site\/\"},{\"@type\":\"ListItem\",\"position\":2,\"name\":\"Semn\u0103tur\u0103 electronic\u0103\"}]},{\"@type\":\"WebSite\",\"@id\":\"https:\/\/www.ccidj.ro\/site\/#website\",\"url\":\"https:\/\/www.ccidj.ro\/site\/\",\"name\":\"\",\"description\":\"\",\"potentialAction\":[{\"@type\":\"SearchAction\",\"target\":{\"@type\":\"EntryPoint\",\"urlTemplate\":\"https:\/\/www.ccidj.ro\/site\/?s={search_term_string}\"},\"query-input\":\"required name=search_term_string\"}],\"inLanguage\":\"ro-RO\"}]}<\/script>\n<!-- \/ Yoast SEO plugin. -->","yoast_head_json":{"title":"Semn\u0103tur\u0103 electronic\u0103 -","robots":{"index":"index","follow":"follow","max-snippet":"max-snippet:-1","max-image-preview":"max-image-preview:large","max-video-preview":"max-video-preview:-1"},"canonical":"https:\/\/www.ccidj.ro\/site\/semnatura-electronica\/","og_locale":"ro_RO","og_type":"article","og_title":"Semn\u0103tur\u0103 electronic\u0103 -","og_description":"Camera de Comert si Industrie a judetului Dolj, in calitate de agent al operatorului Camera de Comer\u0163 \u015fi Industrie a Rom\u00e2niei &#8211;&nbsp;partener de \u00eencredere&nbsp;AlfaTrust Certification S.A.,&nbsp;vine \u00een \u00eent\u00e2mpinarea companiilor cu o serie de&nbsp;servicii electronice de certificare,&nbsp;acreditate conform cerin\u021belor Regulamentului eIDAS (910\/2014) \u0219i in conformitate cu prevederile legale din Rom\u00e2nia \u2013 Legea 455\/2001, ca urmare a [&hellip;]","og_url":"https:\/\/www.ccidj.ro\/site\/semnatura-electronica\/","article_modified_time":"2024-09-17T18:28:34+00:00","twitter_misc":{"Timp estimat pentru citire":"2 minute"},"schema":{"@context":"https:\/\/schema.org","@graph":[{"@type":"WebPage","@id":"https:\/\/www.ccidj.ro\/site\/semnatura-electronica\/","url":"https:\/\/www.ccidj.ro\/site\/semnatura-electronica\/","name":"Semn\u0103tur\u0103 electronic\u0103 -","isPartOf":{"@id":"https:\/\/www.ccidj.ro\/site\/#website"},"datePublished":"2024-09-17T18:28:33+00:00","dateModified":"2024-09-17T18:28:34+00:00","breadcrumb":{"@id":"https:\/\/www.ccidj.ro\/site\/semnatura-electronica\/#breadcrumb"},"inLanguage":"ro-RO","potentialAction":[{"@type":"ReadAction","target":["https:\/\/www.ccidj.ro\/site\/semnatura-electronica\/"]}]},{"@type":"BreadcrumbList","@id":"https:\/\/www.ccidj.ro\/site\/semnatura-electronica\/#breadcrumb","itemListElement":[{"@type":"ListItem","position":1,"name":"Home","item":"https:\/\/www.ccidj.ro\/site\/"},{"@type":"ListItem","position":2,"name":"Semn\u0103tur\u0103 electronic\u0103"}]},{"@type":"WebSite","@id":"https:\/\/www.ccidj.ro\/site\/#website","url":"https:\/\/www.ccidj.ro\/site\/","name":"","description":"","potentialAction":[{"@type":"SearchAction","target":{"@type":"EntryPoint","urlTemplate":"https:\/\/www.ccidj.ro\/site\/?s={search_term_string}"},"query-input":"required name=search_term_string"}],"inLanguage":"ro-RO"}]}},"_links":{"self":[{"href":"https:\/\/www.ccidj.ro\/site\/wp-json\/wp\/v2\/pages\/6371"}],"collection":[{"href":"https:\/\/www.ccidj.ro\/site\/wp-json\/wp\/v2\/pages"}],"about":[{"href":"https:\/\/www.ccidj.ro\/site\/wp-json\/wp\/v2\/types\/page"}],"author":[{"embeddable":true,"href":"https:\/\/www.ccidj.ro\/site\/wp-json\/wp\/v2\/users\/5"}],"replies":[{"embeddable":true,"href":"https:\/\/www.ccidj.ro\/site\/wp-json\/wp\/v2\/comments?post=6371"}],"version-history":[{"count":1,"href":"https:\/\/www.ccidj.ro\/site\/wp-json\/wp\/v2\/pages\/6371\/revisions"}],"predecessor-version":[{"id":6376,"href":"https:\/\/www.ccidj.ro\/site\/wp-json\/wp\/v2\/pages\/6371\/revisions\/6376"}],"wp:attachment":[{"href":"https:\/\/www.ccidj.ro\/site\/wp-json\/wp\/v2\/media?parent=6371"}],"curies":[{"name":"wp","href":"https:\/\/api.w.org\/{rel}","templated":true}]}}