{"id":7189,"date":"2025-10-23T20:49:55","date_gmt":"2025-10-23T17:49:55","guid":{"rendered":"https:\/\/www.ccidj.ro\/site\/?page_id=7189"},"modified":"2025-10-23T20:49:55","modified_gmt":"2025-10-23T17:49:55","slug":"participa-la-gala","status":"publish","type":"page","link":"https:\/\/www.ccidj.ro\/site\/topul-firmelor-2025\/participa-la-gala\/","title":{"rendered":"Particip\u0103 la Gal\u0103"},"content":{"rendered":"\n<p><strong>\u00censcrierea la Gala Topului Firmelor din jude\u021bul Dolj 2025 se poate face complet\u00e2nd formularele de \u00eenregistrare.<\/strong><\/p>\n\n\n\n<p>Completarea formularului de inregistrare este obligatorie. Participarea este posibil\u0103 doar \u00een baza confirm\u0103rii primite de la organizator.<\/p>\n\n\n\n<p><strong>Pentru primirea formularului de \u00eenregistrare \u0219i verificarea locului pe care v\u0103 situa\u021bi \u00een Topul Firmelor din jude\u021bul Dolj v\u0103 rug\u0103m s\u0103 solicita\u021bi informa\u021bii la 0251.418.876.<\/strong><\/p>\n\n\n\n<p>Informa\u0163ii, detalii:<\/p>\n\n\n\n<p><strong>Departament Topul Firmelor<\/strong><\/p>\n\n\n\n<p><strong>Marinela Dr\u0103gan<\/strong><br>Tel.: +40251.418.876<br>&nbsp;E-mail:&nbsp;<a href=\"mailto:marinela.dragan@ccidj.ro\">marinela.dragan@ccidj.ro<\/a>, office@ccidj.ro<\/p>\n\n\n\n<p>Adresa: Camera de Comer\u0163 \u015fi Industrie Dolj, Craiova, str. Simion B\u0103rnu\u021biu nr. 4, jud. Dolj<\/p>\n","protected":false},"excerpt":{"rendered":"<p>\u00censcrierea la Gala Topului Firmelor din jude\u021bul Dolj 2025 se poate face complet\u00e2nd formularele de \u00eenregistrare. Completarea formularului de inregistrare este obligatorie. Participarea este posibil\u0103 doar \u00een baza confirm\u0103rii primite de la organizator. Pentru primirea formularului de \u00eenregistrare \u0219i verificarea locului pe care v\u0103 situa\u021bi \u00een Topul Firmelor din jude\u021bul Dolj v\u0103 rug\u0103m s\u0103 solicita\u021bi [&hellip;]<\/p>\n","protected":false},"author":5,"featured_media":0,"parent":7184,"menu_order":0,"comment_status":"closed","ping_status":"closed","template":"","meta":{"ngg_post_thumbnail":0,"footnotes":""},"yoast_head":"<!-- This site is optimized with the Yoast SEO plugin v21.9 - https:\/\/yoast.com\/wordpress\/plugins\/seo\/ -->\n<title>Particip\u0103 la Gal\u0103 -<\/title>\n<meta name=\"robots\" content=\"index, follow, max-snippet:-1, max-image-preview:large, max-video-preview:-1\" \/>\n<link rel=\"canonical\" href=\"https:\/\/www.ccidj.ro\/site\/topul-firmelor-2025\/participa-la-gala\/\" \/>\n<meta property=\"og:locale\" content=\"ro_RO\" \/>\n<meta property=\"og:type\" content=\"article\" \/>\n<meta property=\"og:title\" content=\"Particip\u0103 la Gal\u0103 -\" \/>\n<meta property=\"og:description\" content=\"\u00censcrierea la Gala Topului Firmelor din jude\u021bul Dolj 2025 se poate face complet\u00e2nd formularele de \u00eenregistrare. Completarea formularului de inregistrare este obligatorie. Participarea este posibil\u0103 doar \u00een baza confirm\u0103rii primite de la organizator. Pentru primirea formularului de \u00eenregistrare \u0219i verificarea locului pe care v\u0103 situa\u021bi \u00een Topul Firmelor din jude\u021bul Dolj v\u0103 rug\u0103m s\u0103 solicita\u021bi [&hellip;]\" \/>\n<meta property=\"og:url\" content=\"https:\/\/www.ccidj.ro\/site\/topul-firmelor-2025\/participa-la-gala\/\" \/>\n<meta name=\"twitter:label1\" content=\"Timp estimat pentru citire\" \/>\n\t<meta name=\"twitter:data1\" content=\"1 minut\" \/>\n<script type=\"application\/ld+json\" class=\"yoast-schema-graph\">{\"@context\":\"https:\/\/schema.org\",\"@graph\":[{\"@type\":\"WebPage\",\"@id\":\"https:\/\/www.ccidj.ro\/site\/topul-firmelor-2025\/participa-la-gala\/\",\"url\":\"https:\/\/www.ccidj.ro\/site\/topul-firmelor-2025\/participa-la-gala\/\",\"name\":\"Particip\u0103 la Gal\u0103 -\",\"isPartOf\":{\"@id\":\"https:\/\/www.ccidj.ro\/site\/#website\"},\"datePublished\":\"2025-10-23T17:49:55+00:00\",\"dateModified\":\"2025-10-23T17:49:55+00:00\",\"breadcrumb\":{\"@id\":\"https:\/\/www.ccidj.ro\/site\/topul-firmelor-2025\/participa-la-gala\/#breadcrumb\"},\"inLanguage\":\"ro-RO\",\"potentialAction\":[{\"@type\":\"ReadAction\",\"target\":[\"https:\/\/www.ccidj.ro\/site\/topul-firmelor-2025\/participa-la-gala\/\"]}]},{\"@type\":\"BreadcrumbList\",\"@id\":\"https:\/\/www.ccidj.ro\/site\/topul-firmelor-2025\/participa-la-gala\/#breadcrumb\",\"itemListElement\":[{\"@type\":\"ListItem\",\"position\":1,\"name\":\"Home\",\"item\":\"https:\/\/www.ccidj.ro\/site\/\"},{\"@type\":\"ListItem\",\"position\":2,\"name\":\"Topul firmelor 2025\",\"item\":\"https:\/\/www.ccidj.ro\/site\/topul-firmelor-2025\/\"},{\"@type\":\"ListItem\",\"position\":3,\"name\":\"Particip\u0103 la Gal\u0103\"}]},{\"@type\":\"WebSite\",\"@id\":\"https:\/\/www.ccidj.ro\/site\/#website\",\"url\":\"https:\/\/www.ccidj.ro\/site\/\",\"name\":\"\",\"description\":\"\",\"potentialAction\":[{\"@type\":\"SearchAction\",\"target\":{\"@type\":\"EntryPoint\",\"urlTemplate\":\"https:\/\/www.ccidj.ro\/site\/?s={search_term_string}\"},\"query-input\":\"required name=search_term_string\"}],\"inLanguage\":\"ro-RO\"}]}<\/script>\n<!-- \/ Yoast SEO plugin. -->","yoast_head_json":{"title":"Particip\u0103 la Gal\u0103 -","robots":{"index":"index","follow":"follow","max-snippet":"max-snippet:-1","max-image-preview":"max-image-preview:large","max-video-preview":"max-video-preview:-1"},"canonical":"https:\/\/www.ccidj.ro\/site\/topul-firmelor-2025\/participa-la-gala\/","og_locale":"ro_RO","og_type":"article","og_title":"Particip\u0103 la Gal\u0103 -","og_description":"\u00censcrierea la Gala Topului Firmelor din jude\u021bul Dolj 2025 se poate face complet\u00e2nd formularele de \u00eenregistrare. Completarea formularului de inregistrare este obligatorie. Participarea este posibil\u0103 doar \u00een baza confirm\u0103rii primite de la organizator. Pentru primirea formularului de \u00eenregistrare \u0219i verificarea locului pe care v\u0103 situa\u021bi \u00een Topul Firmelor din jude\u021bul Dolj v\u0103 rug\u0103m s\u0103 solicita\u021bi [&hellip;]","og_url":"https:\/\/www.ccidj.ro\/site\/topul-firmelor-2025\/participa-la-gala\/","twitter_misc":{"Timp estimat pentru citire":"1 minut"},"schema":{"@context":"https:\/\/schema.org","@graph":[{"@type":"WebPage","@id":"https:\/\/www.ccidj.ro\/site\/topul-firmelor-2025\/participa-la-gala\/","url":"https:\/\/www.ccidj.ro\/site\/topul-firmelor-2025\/participa-la-gala\/","name":"Particip\u0103 la Gal\u0103 -","isPartOf":{"@id":"https:\/\/www.ccidj.ro\/site\/#website"},"datePublished":"2025-10-23T17:49:55+00:00","dateModified":"2025-10-23T17:49:55+00:00","breadcrumb":{"@id":"https:\/\/www.ccidj.ro\/site\/topul-firmelor-2025\/participa-la-gala\/#breadcrumb"},"inLanguage":"ro-RO","potentialAction":[{"@type":"ReadAction","target":["https:\/\/www.ccidj.ro\/site\/topul-firmelor-2025\/participa-la-gala\/"]}]},{"@type":"BreadcrumbList","@id":"https:\/\/www.ccidj.ro\/site\/topul-firmelor-2025\/participa-la-gala\/#breadcrumb","itemListElement":[{"@type":"ListItem","position":1,"name":"Home","item":"https:\/\/www.ccidj.ro\/site\/"},{"@type":"ListItem","position":2,"name":"Topul firmelor 2025","item":"https:\/\/www.ccidj.ro\/site\/topul-firmelor-2025\/"},{"@type":"ListItem","position":3,"name":"Particip\u0103 la Gal\u0103"}]},{"@type":"WebSite","@id":"https:\/\/www.ccidj.ro\/site\/#website","url":"https:\/\/www.ccidj.ro\/site\/","name":"","description":"","potentialAction":[{"@type":"SearchAction","target":{"@type":"EntryPoint","urlTemplate":"https:\/\/www.ccidj.ro\/site\/?s={search_term_string}"},"query-input":"required name=search_term_string"}],"inLanguage":"ro-RO"}]}},"_links":{"self":[{"href":"https:\/\/www.ccidj.ro\/site\/wp-json\/wp\/v2\/pages\/7189"}],"collection":[{"href":"https:\/\/www.ccidj.ro\/site\/wp-json\/wp\/v2\/pages"}],"about":[{"href":"https:\/\/www.ccidj.ro\/site\/wp-json\/wp\/v2\/types\/page"}],"author":[{"embeddable":true,"href":"https:\/\/www.ccidj.ro\/site\/wp-json\/wp\/v2\/users\/5"}],"replies":[{"embeddable":true,"href":"https:\/\/www.ccidj.ro\/site\/wp-json\/wp\/v2\/comments?post=7189"}],"version-history":[{"count":1,"href":"https:\/\/www.ccidj.ro\/site\/wp-json\/wp\/v2\/pages\/7189\/revisions"}],"predecessor-version":[{"id":7190,"href":"https:\/\/www.ccidj.ro\/site\/wp-json\/wp\/v2\/pages\/7189\/revisions\/7190"}],"up":[{"embeddable":true,"href":"https:\/\/www.ccidj.ro\/site\/wp-json\/wp\/v2\/pages\/7184"}],"wp:attachment":[{"href":"https:\/\/www.ccidj.ro\/site\/wp-json\/wp\/v2\/media?parent=7189"}],"curies":[{"name":"wp","href":"https:\/\/api.w.org\/{rel}","templated":true}]}}